{"id":809,"date":"2015-12-01T17:32:33","date_gmt":"2015-12-01T16:32:33","guid":{"rendered":"http:\/\/www.ecolive.com\/fr\/?page_id=809"},"modified":"2017-06-02T09:59:57","modified_gmt":"2017-06-02T08:59:57","slug":"faq-vos-questions-gourmandes","status":"publish","type":"page","link":"https:\/\/www.ecolive.com\/fr\/faq-vos-questions-gourmandes\/","title":{"rendered":"FAQ"},"content":{"rendered":"","protected":false},"excerpt":{"rendered":"<p> <a href=\"https:\/\/www.ecolive.com\/fr\/faq-vos-questions-gourmandes\/\" class=\"more\">Read More<\/a><\/p>\n","protected":false},"author":2,"featured_media":0,"parent":0,"menu_order":0,"comment_status":"closed","ping_status":"closed","template":"p-accordion.php","meta":{"content-type":""},"acf":[],"yoast_head":"<!-- This site is optimized with the Yoast SEO plugin v20.13 - https:\/\/yoast.com\/wordpress\/plugins\/seo\/ -->\n<title>Vos questions sur Ecolive : la FAQ la plus gourmande | Ecolive France<\/title>\n<meta name=\"description\" content=\"Voici la liste extr\u00eamement gourmandes de vos questions les plus pos\u00e9es suivies de nos r\u00e9ponses. P\u00e9pites culinaires, activit\u00e9s, tout y est d\u00e9voil\u00e9 !\" \/>\n<meta name=\"robots\" content=\"index, follow, max-snippet:-1, max-image-preview:large, max-video-preview:-1\" \/>\n<link rel=\"canonical\" href=\"https:\/\/www.ecolive.com\/fr\/faq-vos-questions-gourmandes\/\" \/>\n<meta property=\"og:locale\" content=\"fr_FR\" \/>\n<meta property=\"og:type\" content=\"article\" \/>\n<meta property=\"og:title\" content=\"Vos questions sur Ecolive : la FAQ la plus gourmande | Ecolive France\" \/>\n<meta property=\"og:description\" content=\"Voici la liste extr\u00eamement gourmandes de vos questions les plus pos\u00e9es suivies de nos r\u00e9ponses. P\u00e9pites culinaires, activit\u00e9s, tout y est d\u00e9voil\u00e9 !\" \/>\n<meta property=\"og:url\" content=\"https:\/\/www.ecolive.com\/fr\/faq-vos-questions-gourmandes\/\" \/>\n<meta property=\"og:site_name\" content=\"Ecolive\" \/>\n<meta property=\"article:publisher\" content=\"https:\/\/www.facebook.com\/pages\/Ecolive\/202304496496615\" \/>\n<meta property=\"article:modified_time\" content=\"2017-06-02T08:59:57+00:00\" \/>\n<meta name=\"twitter:card\" content=\"summary_large_image\" \/>\n<meta name=\"twitter:site\" content=\"@ecolive_france\" \/>\n<script type=\"application\/ld+json\" class=\"yoast-schema-graph\">{\"@context\":\"https:\/\/schema.org\",\"@graph\":[{\"@type\":\"WebPage\",\"@id\":\"https:\/\/www.ecolive.com\/fr\/faq-vos-questions-gourmandes\/\",\"url\":\"https:\/\/www.ecolive.com\/fr\/faq-vos-questions-gourmandes\/\",\"name\":\"Vos questions sur Ecolive : la FAQ la plus gourmande | Ecolive France\",\"isPartOf\":{\"@id\":\"https:\/\/www.ecolive.com\/fr\/#website\"},\"datePublished\":\"2015-12-01T16:32:33+00:00\",\"dateModified\":\"2017-06-02T08:59:57+00:00\",\"description\":\"Voici la liste extr\u00eamement gourmandes de vos questions les plus pos\u00e9es suivies de nos r\u00e9ponses. P\u00e9pites culinaires, activit\u00e9s, tout y est d\u00e9voil\u00e9 !\",\"breadcrumb\":{\"@id\":\"https:\/\/www.ecolive.com\/fr\/faq-vos-questions-gourmandes\/#breadcrumb\"},\"inLanguage\":\"fr-FR\",\"potentialAction\":[{\"@type\":\"ReadAction\",\"target\":[\"https:\/\/www.ecolive.com\/fr\/faq-vos-questions-gourmandes\/\"]}]},{\"@type\":\"BreadcrumbList\",\"@id\":\"https:\/\/www.ecolive.com\/fr\/faq-vos-questions-gourmandes\/#breadcrumb\",\"itemListElement\":[{\"@type\":\"ListItem\",\"position\":1,\"name\":\"Accueil\",\"item\":\"https:\/\/www.ecolive.com\/fr\/\"},{\"@type\":\"ListItem\",\"position\":2,\"name\":\"FAQ\"}]},{\"@type\":\"WebSite\",\"@id\":\"https:\/\/www.ecolive.com\/fr\/#website\",\"url\":\"https:\/\/www.ecolive.com\/fr\/\",\"name\":\"Ecolive\",\"description\":\"Chercheur de Go\u00fbt\",\"potentialAction\":[{\"@type\":\"SearchAction\",\"target\":{\"@type\":\"EntryPoint\",\"urlTemplate\":\"https:\/\/www.ecolive.com\/fr\/?s={search_term_string}\"},\"query-input\":\"required name=search_term_string\"}],\"inLanguage\":\"fr-FR\"}]}<\/script>\n<!-- \/ Yoast SEO plugin. -->","yoast_head_json":{"title":"Vos questions sur Ecolive : la FAQ la plus gourmande | Ecolive France","description":"Voici la liste extr\u00eamement gourmandes de vos questions les plus pos\u00e9es suivies de nos r\u00e9ponses. P\u00e9pites culinaires, activit\u00e9s, tout y est d\u00e9voil\u00e9 !","robots":{"index":"index","follow":"follow","max-snippet":"max-snippet:-1","max-image-preview":"max-image-preview:large","max-video-preview":"max-video-preview:-1"},"canonical":"https:\/\/www.ecolive.com\/fr\/faq-vos-questions-gourmandes\/","og_locale":"fr_FR","og_type":"article","og_title":"Vos questions sur Ecolive : la FAQ la plus gourmande | Ecolive France","og_description":"Voici la liste extr\u00eamement gourmandes de vos questions les plus pos\u00e9es suivies de nos r\u00e9ponses. P\u00e9pites culinaires, activit\u00e9s, tout y est d\u00e9voil\u00e9 !","og_url":"https:\/\/www.ecolive.com\/fr\/faq-vos-questions-gourmandes\/","og_site_name":"Ecolive","article_publisher":"https:\/\/www.facebook.com\/pages\/Ecolive\/202304496496615","article_modified_time":"2017-06-02T08:59:57+00:00","twitter_card":"summary_large_image","twitter_site":"@ecolive_france","schema":{"@context":"https:\/\/schema.org","@graph":[{"@type":"WebPage","@id":"https:\/\/www.ecolive.com\/fr\/faq-vos-questions-gourmandes\/","url":"https:\/\/www.ecolive.com\/fr\/faq-vos-questions-gourmandes\/","name":"Vos questions sur Ecolive : la FAQ la plus gourmande | Ecolive France","isPartOf":{"@id":"https:\/\/www.ecolive.com\/fr\/#website"},"datePublished":"2015-12-01T16:32:33+00:00","dateModified":"2017-06-02T08:59:57+00:00","description":"Voici la liste extr\u00eamement gourmandes de vos questions les plus pos\u00e9es suivies de nos r\u00e9ponses. P\u00e9pites culinaires, activit\u00e9s, tout y est d\u00e9voil\u00e9 !","breadcrumb":{"@id":"https:\/\/www.ecolive.com\/fr\/faq-vos-questions-gourmandes\/#breadcrumb"},"inLanguage":"fr-FR","potentialAction":[{"@type":"ReadAction","target":["https:\/\/www.ecolive.com\/fr\/faq-vos-questions-gourmandes\/"]}]},{"@type":"BreadcrumbList","@id":"https:\/\/www.ecolive.com\/fr\/faq-vos-questions-gourmandes\/#breadcrumb","itemListElement":[{"@type":"ListItem","position":1,"name":"Accueil","item":"https:\/\/www.ecolive.com\/fr\/"},{"@type":"ListItem","position":2,"name":"FAQ"}]},{"@type":"WebSite","@id":"https:\/\/www.ecolive.com\/fr\/#website","url":"https:\/\/www.ecolive.com\/fr\/","name":"Ecolive","description":"Chercheur de Go\u00fbt","potentialAction":[{"@type":"SearchAction","target":{"@type":"EntryPoint","urlTemplate":"https:\/\/www.ecolive.com\/fr\/?s={search_term_string}"},"query-input":"required name=search_term_string"}],"inLanguage":"fr-FR"}]}},"_links":{"self":[{"href":"https:\/\/www.ecolive.com\/fr\/wp-json\/wp\/v2\/pages\/809"}],"collection":[{"href":"https:\/\/www.ecolive.com\/fr\/wp-json\/wp\/v2\/pages"}],"about":[{"href":"https:\/\/www.ecolive.com\/fr\/wp-json\/wp\/v2\/types\/page"}],"author":[{"embeddable":true,"href":"https:\/\/www.ecolive.com\/fr\/wp-json\/wp\/v2\/users\/2"}],"replies":[{"embeddable":true,"href":"https:\/\/www.ecolive.com\/fr\/wp-json\/wp\/v2\/comments?post=809"}],"version-history":[{"count":6,"href":"https:\/\/www.ecolive.com\/fr\/wp-json\/wp\/v2\/pages\/809\/revisions"}],"predecessor-version":[{"id":1609,"href":"https:\/\/www.ecolive.com\/fr\/wp-json\/wp\/v2\/pages\/809\/revisions\/1609"}],"wp:attachment":[{"href":"https:\/\/www.ecolive.com\/fr\/wp-json\/wp\/v2\/media?parent=809"}],"curies":[{"name":"wp","href":"https:\/\/api.w.org\/{rel}","templated":true}]}}