{"id":70,"date":"2015-08-30T17:45:27","date_gmt":"2015-08-30T16:45:27","guid":{"rendered":"http:\/\/ecolive.local.com\/?page_id=70"},"modified":"2021-03-08T11:43:26","modified_gmt":"2021-03-08T10:43:26","slug":"nos-engagements","status":"publish","type":"page","link":"https:\/\/www.ecolive.com\/fr\/nos-engagements\/","title":{"rendered":"Nos engagements"},"content":{"rendered":"<div class=\"page\" title=\"Page 4\">\n<div class=\"layoutArea\">\n<div class=\"column\">\n<p style=\"text-align: justify;\">En tant qu\u2019agence commerciale et \u00ab <strong>chercheur de go\u00fbt<\/strong> \u00bb, nous avons pour principal objectif de partir \u00e0 la d\u00e9couverte de nouvelles <strong>p\u00e9pites culinaires<\/strong> et d\u2019\u0153uvrer pour aider les <strong>producteurs<\/strong> \u00e0 la commercialisation de leurs produits dans les <strong>magasins sp\u00e9cialis\u00e9s<\/strong>.<\/p>\n<h2>Le producteur au centre de notre attention<\/h2>\n<p style=\"text-align: justify;\">Pendant leurs voyages, Gr\u00e9gory et Olivier sont toujours \u00e0 l\u2019aff\u00fbt de nouveaux producteurs. Avides de <strong>d\u00e9couvertes<\/strong>, ces cr\u00e9ateurs de p\u00e9pites culinaires souhaitent souvent partager leur savoir-faire dans d\u2019autres pays comme la <strong>France<\/strong> ou l\u2019<strong>Allemagne<\/strong>. Et, c\u2019est ici que nous intervenons. Nous aidons <a href=\"https:\/\/www.ecolive.com\/fr\/nos-producteurs\/\">nos producteurs<\/a> \u00e0 s\u2019implanter sur le march\u00e9 fran\u00e7ais et\/ou allemand en leurs proposant <strong>un large choix de services<\/strong>. De la visite en magasin, du relev\u00e9 produit en passant par des animations en points de vente, nous aidons ces acteurs du <strong>bio<\/strong> \u00e0 se faire une place sur ce secteur ultra-concurrentiel.<\/p>\n<h2>Les magasins sp\u00e9cialis\u00e9s, des cavernes d\u2019Ali Baba<\/h2>\n<p style=\"text-align: justify;\">Les enseignes sp\u00e9cialis\u00e9es tels que <a href=\"https:\/\/www.ecolive.com\/fr\/les-magasins\/bio-c-bon\/\">Bio C\u2019 Bon<\/a> ou <strong>Biocoop<\/strong> aiment pouvoir offrir une large gamme de produits de qualit\u00e9 \u00e0 ces clients.<br \/>\nNotre r\u00f4le est de <strong>repr\u00e9senter nos producteurs<\/strong> aupr\u00e8s de tous ces points de vente. Toujours dans une d\u00e9marche de d\u00e9couverte, nous leur proposons les <strong>produits phares<\/strong> et les <strong>derni\u00e8res nouveaut\u00e9s<\/strong>. Ce sont nos commerciaux, toujours \u00e0 l\u2019aff\u00fbt des besoins des magasins, qui les conseillent en leur proposant des catalogues produits, mais \u00e9galement des <strong>d\u00e9gustations<\/strong>.<br \/>\nLes attentes des magasins et des consommateurs sont au centre de nos probl\u00e9matiques.<\/p>\n<h2>Les p\u00e9pites culinaires : un tr\u00e9sor de go\u00fbt<\/h2>\n<p style=\"text-align: justify;\">Les producteurs sont des mines d\u2019or pour nous : ils poss\u00e8dent tous des savoir-faire, des valeurs ou une forte histoire qui fait de ses produits, des p\u00e9pites culinaires. C\u2019est gr\u00e2ce \u00e0 <strong>leurs go\u00fbts uniques et savoureux<\/strong> qu\u2019elles ont autant de succ\u00e8s.<br \/>\nPour nous, le go\u00fbt et le plaisir de manger des produits sains et biologiques sont des priorit\u00e9s. Il est important que les consommateurs puissent profiter de produits de <strong>qualit\u00e9<\/strong> et de <strong>saveurs<\/strong>. Notre objectif est de partager <strong>nos aventures culinaires<\/strong> avec les diff\u00e9rentes parties prenantes, tout en restant en harmonie avec nos <strong>valeurs<\/strong> et nos <strong>id\u00e9aux<\/strong>.<\/p>\n<\/div>\n<\/div>\n<\/div>\n<p style=\"text-align: center;\">\u00a0<img decoding=\"async\" loading=\"lazy\" class=\"aligncenter wp-image-2521\" data-src=\"https:\/\/www.ecolive.com\/assets\/2015\/08\/Version-2-1-300x220.jpg\" data-lazy-img data-fade-in  alt=\"engagements-ecolive\" width=\"884\" height=\"649\" data-srcset=\"https:\/\/www.ecolive.com\/assets\/2015\/08\/Version-2-1-300x220.jpg 300w, https:\/\/www.ecolive.com\/assets\/2015\/08\/Version-2-1-150x110.jpg 150w, https:\/\/www.ecolive.com\/assets\/2015\/08\/Version-2-1-768x564.jpg 768w, https:\/\/www.ecolive.com\/assets\/2015\/08\/Version-2-1-1024x752.jpg 1024w, https:\/\/www.ecolive.com\/assets\/2015\/08\/Version-2-1-371x272.jpg 371w, https:\/\/www.ecolive.com\/assets\/2015\/08\/Version-2-1-296x217.jpg 296w, https:\/\/www.ecolive.com\/assets\/2015\/08\/Version-2-1-436x320.jpg 436w, https:\/\/www.ecolive.com\/assets\/2015\/08\/Version-2-1-200x147.jpg 200w, https:\/\/www.ecolive.com\/assets\/2015\/08\/Version-2-1-590x433.jpg 590w, https:\/\/www.ecolive.com\/assets\/2015\/08\/Version-2-1-700x514.jpg 700w, https:\/\/www.ecolive.com\/assets\/2015\/08\/Version-2-1-640x470.jpg 640w, https:\/\/www.ecolive.com\/assets\/2015\/08\/Version-2-1.jpg 1819w\" data-sizes=\"(max-width: 884px) 100vw, 884px\" \/><\/p>\n","protected":false},"excerpt":{"rendered":"<p>En tant qu\u2019agence commerciale et \u00ab chercheur de go\u00fbt \u00bb, nous avons pour principal objectif de partir \u00e0 la d\u00e9couverte de nouvelles p\u00e9pites culinaires et d\u2019\u0153uvrer pour aider les producteurs \u00e0 la commercialisation de leurs produits dans les magasins sp\u00e9cialis\u00e9s. Le producteur au centre de notre attention Pendant leurs voyages, [&hellip;] <a href=\"https:\/\/www.ecolive.com\/fr\/nos-engagements\/\" class=\"more\">Read More<\/a> <a href=\"https:\/\/www.ecolive.com\/fr\/nos-engagements\/\" class=\"more\">Read More<\/a><\/p>\n","protected":false},"author":2,"featured_media":0,"parent":0,"menu_order":0,"comment_status":"closed","ping_status":"closed","template":"","meta":{"content-type":""},"acf":[],"yoast_head":"<!-- This site is optimized with the Yoast SEO plugin v20.13 - https:\/\/yoast.com\/wordpress\/plugins\/seo\/ -->\n<title>Quels sont les engagements d&#039;Ecolive Organic Trade Agency ?<\/title>\n<meta name=\"description\" content=\"Le principal objectif d\u2019Ecolive est de faire d\u00e9couvrir des producteurs \u00e9cologiquement responsable aux consommateurs afin qu\u2019ils puissent eux-m\u00eame...\" \/>\n<meta name=\"robots\" content=\"index, follow, max-snippet:-1, max-image-preview:large, max-video-preview:-1\" \/>\n<link rel=\"canonical\" href=\"https:\/\/www.ecolive.com\/fr\/nos-engagements\/\" \/>\n<meta property=\"og:locale\" content=\"fr_FR\" \/>\n<meta property=\"og:type\" content=\"article\" \/>\n<meta property=\"og:title\" content=\"Quels sont les engagements d&#039;Ecolive Organic Trade Agency ?\" \/>\n<meta property=\"og:description\" content=\"Le principal objectif d\u2019Ecolive est de faire d\u00e9couvrir des producteurs \u00e9cologiquement responsable aux consommateurs afin qu\u2019ils puissent eux-m\u00eame...\" \/>\n<meta property=\"og:url\" content=\"https:\/\/www.ecolive.com\/fr\/nos-engagements\/\" \/>\n<meta property=\"og:site_name\" content=\"Ecolive\" \/>\n<meta property=\"article:publisher\" content=\"https:\/\/www.facebook.com\/pages\/Ecolive\/202304496496615\" \/>\n<meta property=\"article:modified_time\" content=\"2021-03-08T10:43:26+00:00\" \/>\n<meta property=\"og:image\" content=\"https:\/\/www.ecolive.com\/assets\/2015\/08\/Version-2-1-300x220.jpg\" \/>\n<meta name=\"twitter:card\" content=\"summary_large_image\" \/>\n<meta name=\"twitter:site\" content=\"@ecolive_france\" \/>\n<meta name=\"twitter:label1\" content=\"Dur\u00e9e de lecture estim\u00e9e\" \/>\n\t<meta name=\"twitter:data1\" content=\"2 minutes\" \/>\n<script type=\"application\/ld+json\" class=\"yoast-schema-graph\">{\"@context\":\"https:\/\/schema.org\",\"@graph\":[{\"@type\":\"WebPage\",\"@id\":\"https:\/\/www.ecolive.com\/fr\/nos-engagements\/\",\"url\":\"https:\/\/www.ecolive.com\/fr\/nos-engagements\/\",\"name\":\"Quels sont les engagements d'Ecolive Organic Trade Agency ?\",\"isPartOf\":{\"@id\":\"https:\/\/www.ecolive.com\/fr\/#website\"},\"datePublished\":\"2015-08-30T16:45:27+00:00\",\"dateModified\":\"2021-03-08T10:43:26+00:00\",\"description\":\"Le principal objectif d\u2019Ecolive est de faire d\u00e9couvrir des producteurs \u00e9cologiquement responsable aux consommateurs afin qu\u2019ils puissent eux-m\u00eame...\",\"breadcrumb\":{\"@id\":\"https:\/\/www.ecolive.com\/fr\/nos-engagements\/#breadcrumb\"},\"inLanguage\":\"fr-FR\",\"potentialAction\":[{\"@type\":\"ReadAction\",\"target\":[\"https:\/\/www.ecolive.com\/fr\/nos-engagements\/\"]}]},{\"@type\":\"BreadcrumbList\",\"@id\":\"https:\/\/www.ecolive.com\/fr\/nos-engagements\/#breadcrumb\",\"itemListElement\":[{\"@type\":\"ListItem\",\"position\":1,\"name\":\"Accueil\",\"item\":\"https:\/\/www.ecolive.com\/fr\/\"},{\"@type\":\"ListItem\",\"position\":2,\"name\":\"Nos engagements\"}]},{\"@type\":\"WebSite\",\"@id\":\"https:\/\/www.ecolive.com\/fr\/#website\",\"url\":\"https:\/\/www.ecolive.com\/fr\/\",\"name\":\"Ecolive\",\"description\":\"Chercheur de Go\u00fbt\",\"potentialAction\":[{\"@type\":\"SearchAction\",\"target\":{\"@type\":\"EntryPoint\",\"urlTemplate\":\"https:\/\/www.ecolive.com\/fr\/?s={search_term_string}\"},\"query-input\":\"required name=search_term_string\"}],\"inLanguage\":\"fr-FR\"}]}<\/script>\n<!-- \/ Yoast SEO plugin. -->","yoast_head_json":{"title":"Quels sont les engagements d'Ecolive Organic Trade Agency ?","description":"Le principal objectif d\u2019Ecolive est de faire d\u00e9couvrir des producteurs \u00e9cologiquement responsable aux consommateurs afin qu\u2019ils puissent eux-m\u00eame...","robots":{"index":"index","follow":"follow","max-snippet":"max-snippet:-1","max-image-preview":"max-image-preview:large","max-video-preview":"max-video-preview:-1"},"canonical":"https:\/\/www.ecolive.com\/fr\/nos-engagements\/","og_locale":"fr_FR","og_type":"article","og_title":"Quels sont les engagements d'Ecolive Organic Trade Agency ?","og_description":"Le principal objectif d\u2019Ecolive est de faire d\u00e9couvrir des producteurs \u00e9cologiquement responsable aux consommateurs afin qu\u2019ils puissent eux-m\u00eame...","og_url":"https:\/\/www.ecolive.com\/fr\/nos-engagements\/","og_site_name":"Ecolive","article_publisher":"https:\/\/www.facebook.com\/pages\/Ecolive\/202304496496615","article_modified_time":"2021-03-08T10:43:26+00:00","og_image":[{"url":"https:\/\/www.ecolive.com\/assets\/2015\/08\/Version-2-1-300x220.jpg"}],"twitter_card":"summary_large_image","twitter_site":"@ecolive_france","twitter_misc":{"Dur\u00e9e de lecture estim\u00e9e":"2 minutes"},"schema":{"@context":"https:\/\/schema.org","@graph":[{"@type":"WebPage","@id":"https:\/\/www.ecolive.com\/fr\/nos-engagements\/","url":"https:\/\/www.ecolive.com\/fr\/nos-engagements\/","name":"Quels sont les engagements d'Ecolive Organic Trade Agency ?","isPartOf":{"@id":"https:\/\/www.ecolive.com\/fr\/#website"},"datePublished":"2015-08-30T16:45:27+00:00","dateModified":"2021-03-08T10:43:26+00:00","description":"Le principal objectif d\u2019Ecolive est de faire d\u00e9couvrir des producteurs \u00e9cologiquement responsable aux consommateurs afin qu\u2019ils puissent eux-m\u00eame...","breadcrumb":{"@id":"https:\/\/www.ecolive.com\/fr\/nos-engagements\/#breadcrumb"},"inLanguage":"fr-FR","potentialAction":[{"@type":"ReadAction","target":["https:\/\/www.ecolive.com\/fr\/nos-engagements\/"]}]},{"@type":"BreadcrumbList","@id":"https:\/\/www.ecolive.com\/fr\/nos-engagements\/#breadcrumb","itemListElement":[{"@type":"ListItem","position":1,"name":"Accueil","item":"https:\/\/www.ecolive.com\/fr\/"},{"@type":"ListItem","position":2,"name":"Nos engagements"}]},{"@type":"WebSite","@id":"https:\/\/www.ecolive.com\/fr\/#website","url":"https:\/\/www.ecolive.com\/fr\/","name":"Ecolive","description":"Chercheur de Go\u00fbt","potentialAction":[{"@type":"SearchAction","target":{"@type":"EntryPoint","urlTemplate":"https:\/\/www.ecolive.com\/fr\/?s={search_term_string}"},"query-input":"required name=search_term_string"}],"inLanguage":"fr-FR"}]}},"_links":{"self":[{"href":"https:\/\/www.ecolive.com\/fr\/wp-json\/wp\/v2\/pages\/70"}],"collection":[{"href":"https:\/\/www.ecolive.com\/fr\/wp-json\/wp\/v2\/pages"}],"about":[{"href":"https:\/\/www.ecolive.com\/fr\/wp-json\/wp\/v2\/types\/page"}],"author":[{"embeddable":true,"href":"https:\/\/www.ecolive.com\/fr\/wp-json\/wp\/v2\/users\/2"}],"replies":[{"embeddable":true,"href":"https:\/\/www.ecolive.com\/fr\/wp-json\/wp\/v2\/comments?post=70"}],"version-history":[{"count":6,"href":"https:\/\/www.ecolive.com\/fr\/wp-json\/wp\/v2\/pages\/70\/revisions"}],"predecessor-version":[{"id":3508,"href":"https:\/\/www.ecolive.com\/fr\/wp-json\/wp\/v2\/pages\/70\/revisions\/3508"}],"wp:attachment":[{"href":"https:\/\/www.ecolive.com\/fr\/wp-json\/wp\/v2\/media?parent=70"}],"curies":[{"name":"wp","href":"https:\/\/api.w.org\/{rel}","templated":true}]}}