{"id":178,"date":"2015-09-29T15:52:17","date_gmt":"2015-09-29T15:52:17","guid":{"rendered":"http:\/\/beta.codingheads.com\/ecolive\/?page_id=178"},"modified":"2024-09-30T08:22:42","modified_gmt":"2024-09-30T07:22:42","slug":"notre-histoire","status":"publish","type":"page","link":"https:\/\/www.ecolive.com\/fr\/notre-histoire\/","title":{"rendered":"Notre histoire"},"content":{"rendered":"<h2 style=\"text-align: justify;\">Qui sommes-nous ?<\/h2>\n<p>Ecolive, est une agence commerciale sp\u00e9cialis\u00e9e dans le d\u00e9veloppement de produits certifi\u00e9s biologiques. Depuis 2010 nous mettons en avant le savoir-faire de nombreux producteurs dans les magasins en France, en Allemagne et en Belgique.<\/p>\n<p>&nbsp;<\/p>\n<p>Notre objectif est de d\u00e9couvrir et faire d\u00e9couvrir de v\u00e9ritables p\u00e9pites culinaires. En aidant les producteurs \u00e0 se d\u00e9velopper, nous nous assurons que ces derni\u00e8res soient disponibles dans les magasins le plus proches des consommateurs.<\/p>\n<p>&nbsp;<\/p>\n<p>Pour r\u00e9sumer, nous aidons les producteurs bio \u00e0 d\u00e9velopper leur chiffre d&rsquo;affaires en France et en Allemagne gr\u00e2ce \u00e0\u00a0<a href=\"https:\/\/www.ecolive.com\/fr\/services\/\">4 p\u00f4les<\/a> :<\/p>\n<ul>\n<li>D\u00e9couverte du march\u00e9<\/li>\n<li>Lancement national<\/li>\n<li>Externalisation de la force de vente<\/li>\n<li>Communication<\/li>\n<\/ul>\n<p><div class=\"iframe-container oembed\" data-lazy-iframe data-lazy-iframe-delay=\"0\">\n      <div class=\"iframe-content responsive-embed widescreen\">\n        <iframe loading=\"lazy\" data-lazysrc=\"https:\/\/www.youtube.com\/embed\/NkDuIl8KoYQ\" width=\"560\" height=\"315\" frameborder=\"0\" allowfullscreen=\"allowfullscreen\"><\/iframe>\n      <\/div>\n    <\/div><\/p>\n<h2 style=\"text-align: justify;\">Notre \u00e9quipe<\/h2>\n<div style=\"text-align: justify;\">\n<p>25 personnes multilingues sont \u00e0 votre service au quotidien<\/p>\n<\/div>\n<p>&nbsp;<\/p>\n<div style=\"text-align: justify;\">\n<img decoding=\"async\" loading=\"lazy\" class=\"alignleft wp-image-11408\" data-src=\"\/assets\/2024\/09\/Organigramme-FR-08-2024_RVB-scaled.jpg\" data-lazy-img data-fade-in  alt=\"\" width=\"1000\" height=\"614\" data-srcset=\"https:\/\/www.ecolive.com\/assets\/2024\/09\/Organigramme-FR-08-2024_RVB-scaled.jpg 2560w, https:\/\/www.ecolive.com\/assets\/2024\/09\/Organigramme-FR-08-2024_RVB-300x184.jpg 300w, https:\/\/www.ecolive.com\/assets\/2024\/09\/Organigramme-FR-08-2024_RVB-1024x629.jpg 1024w, https:\/\/www.ecolive.com\/assets\/2024\/09\/Organigramme-FR-08-2024_RVB-150x92.jpg 150w, https:\/\/www.ecolive.com\/assets\/2024\/09\/Organigramme-FR-08-2024_RVB-768x472.jpg 768w, https:\/\/www.ecolive.com\/assets\/2024\/09\/Organigramme-FR-08-2024_RVB-1536x943.jpg 1536w, https:\/\/www.ecolive.com\/assets\/2024\/09\/Organigramme-FR-08-2024_RVB-2048x1258.jpg 2048w, https:\/\/www.ecolive.com\/assets\/2024\/09\/Organigramme-FR-08-2024_RVB-443x272.jpg 443w, https:\/\/www.ecolive.com\/assets\/2024\/09\/Organigramme-FR-08-2024_RVB-296x182.jpg 296w, https:\/\/www.ecolive.com\/assets\/2024\/09\/Organigramme-FR-08-2024_RVB-96x59.jpg 96w, https:\/\/www.ecolive.com\/assets\/2024\/09\/Organigramme-FR-08-2024_RVB-521x320.jpg 521w, https:\/\/www.ecolive.com\/assets\/2024\/09\/Organigramme-FR-08-2024_RVB-200x123.jpg 200w, https:\/\/www.ecolive.com\/assets\/2024\/09\/Organigramme-FR-08-2024_RVB-1920x1179.jpg 1920w, https:\/\/www.ecolive.com\/assets\/2024\/09\/Organigramme-FR-08-2024_RVB-590x362.jpg 590w, https:\/\/www.ecolive.com\/assets\/2024\/09\/Organigramme-FR-08-2024_RVB-700x430.jpg 700w, https:\/\/www.ecolive.com\/assets\/2024\/09\/Organigramme-FR-08-2024_RVB-640x393.jpg 640w\" data-sizes=\"(max-width: 1000px) 100vw, 1000px\" \/>\n<\/div>\n<p>&nbsp;<\/p>\n<p>&nbsp;<\/p>\n<p>&nbsp;<\/p>\n<p>&nbsp;<\/p>\n","protected":false},"excerpt":{"rendered":"<p>Qui sommes-nous ? Ecolive, est une agence commerciale sp\u00e9cialis\u00e9e dans le d\u00e9veloppement de produits certifi\u00e9s biologiques. Depuis 2010 nous mettons en avant le savoir-faire de nombreux producteurs dans les magasins en France, en Allemagne et en Belgique. &nbsp; Notre objectif est de d\u00e9couvrir et faire d\u00e9couvrir de v\u00e9ritables p\u00e9pites culinaires. [&hellip;] <a href=\"https:\/\/www.ecolive.com\/fr\/notre-histoire\/\" class=\"more\">Read More<\/a> <a href=\"https:\/\/www.ecolive.com\/fr\/notre-histoire\/\" class=\"more\">Read More<\/a><\/p>\n","protected":false},"author":2,"featured_media":0,"parent":0,"menu_order":0,"comment_status":"closed","ping_status":"closed","template":"","meta":{"content-type":""},"acf":[],"yoast_head":"<!-- This site is optimized with the Yoast SEO plugin v20.13 - https:\/\/yoast.com\/wordpress\/plugins\/seo\/ -->\n<title>Ecolive accompagne les producteurs bio dans leur d\u00e9veloppement !<\/title>\n<meta name=\"description\" content=\"Ecolive, agence commerciale depuis 2010 accompagne les producteurs bio dans leur d\u00e9veloppement en France, en Allemagne et au Benelux.\" \/>\n<meta name=\"robots\" content=\"index, follow, max-snippet:-1, max-image-preview:large, max-video-preview:-1\" \/>\n<link rel=\"canonical\" href=\"https:\/\/www.ecolive.com\/fr\/notre-histoire\/\" \/>\n<meta property=\"og:locale\" content=\"fr_FR\" \/>\n<meta property=\"og:type\" content=\"article\" \/>\n<meta property=\"og:title\" content=\"Ecolive accompagne les producteurs bio dans leur d\u00e9veloppement !\" \/>\n<meta property=\"og:description\" content=\"Ecolive, agence commerciale depuis 2010 accompagne les producteurs bio dans leur d\u00e9veloppement en France, en Allemagne et au Benelux.\" \/>\n<meta property=\"og:url\" content=\"https:\/\/www.ecolive.com\/fr\/notre-histoire\/\" \/>\n<meta property=\"og:site_name\" content=\"Ecolive\" \/>\n<meta property=\"article:publisher\" content=\"https:\/\/www.facebook.com\/pages\/Ecolive\/202304496496615\" \/>\n<meta property=\"article:modified_time\" content=\"2024-09-30T07:22:42+00:00\" \/>\n<meta name=\"twitter:card\" content=\"summary_large_image\" \/>\n<meta name=\"twitter:site\" content=\"@ecolive_france\" \/>\n<meta name=\"twitter:label1\" content=\"Dur\u00e9e de lecture estim\u00e9e\" \/>\n\t<meta name=\"twitter:data1\" content=\"1 minute\" \/>\n<script type=\"application\/ld+json\" class=\"yoast-schema-graph\">{\"@context\":\"https:\/\/schema.org\",\"@graph\":[{\"@type\":\"WebPage\",\"@id\":\"https:\/\/www.ecolive.com\/fr\/notre-histoire\/\",\"url\":\"https:\/\/www.ecolive.com\/fr\/notre-histoire\/\",\"name\":\"Ecolive accompagne les producteurs bio dans leur d\u00e9veloppement !\",\"isPartOf\":{\"@id\":\"https:\/\/www.ecolive.com\/fr\/#website\"},\"datePublished\":\"2015-09-29T15:52:17+00:00\",\"dateModified\":\"2024-09-30T07:22:42+00:00\",\"description\":\"Ecolive, agence commerciale depuis 2010 accompagne les producteurs bio dans leur d\u00e9veloppement en France, en Allemagne et au Benelux.\",\"breadcrumb\":{\"@id\":\"https:\/\/www.ecolive.com\/fr\/notre-histoire\/#breadcrumb\"},\"inLanguage\":\"fr-FR\",\"potentialAction\":[{\"@type\":\"ReadAction\",\"target\":[\"https:\/\/www.ecolive.com\/fr\/notre-histoire\/\"]}]},{\"@type\":\"BreadcrumbList\",\"@id\":\"https:\/\/www.ecolive.com\/fr\/notre-histoire\/#breadcrumb\",\"itemListElement\":[{\"@type\":\"ListItem\",\"position\":1,\"name\":\"Accueil\",\"item\":\"https:\/\/www.ecolive.com\/fr\/\"},{\"@type\":\"ListItem\",\"position\":2,\"name\":\"Notre histoire\"}]},{\"@type\":\"WebSite\",\"@id\":\"https:\/\/www.ecolive.com\/fr\/#website\",\"url\":\"https:\/\/www.ecolive.com\/fr\/\",\"name\":\"Ecolive\",\"description\":\"Chercheur de Go\u00fbt\",\"potentialAction\":[{\"@type\":\"SearchAction\",\"target\":{\"@type\":\"EntryPoint\",\"urlTemplate\":\"https:\/\/www.ecolive.com\/fr\/?s={search_term_string}\"},\"query-input\":\"required name=search_term_string\"}],\"inLanguage\":\"fr-FR\"}]}<\/script>\n<!-- \/ Yoast SEO plugin. -->","yoast_head_json":{"title":"Ecolive accompagne les producteurs bio dans leur d\u00e9veloppement !","description":"Ecolive, agence commerciale depuis 2010 accompagne les producteurs bio dans leur d\u00e9veloppement en France, en Allemagne et au Benelux.","robots":{"index":"index","follow":"follow","max-snippet":"max-snippet:-1","max-image-preview":"max-image-preview:large","max-video-preview":"max-video-preview:-1"},"canonical":"https:\/\/www.ecolive.com\/fr\/notre-histoire\/","og_locale":"fr_FR","og_type":"article","og_title":"Ecolive accompagne les producteurs bio dans leur d\u00e9veloppement !","og_description":"Ecolive, agence commerciale depuis 2010 accompagne les producteurs bio dans leur d\u00e9veloppement en France, en Allemagne et au Benelux.","og_url":"https:\/\/www.ecolive.com\/fr\/notre-histoire\/","og_site_name":"Ecolive","article_publisher":"https:\/\/www.facebook.com\/pages\/Ecolive\/202304496496615","article_modified_time":"2024-09-30T07:22:42+00:00","twitter_card":"summary_large_image","twitter_site":"@ecolive_france","twitter_misc":{"Dur\u00e9e de lecture estim\u00e9e":"1 minute"},"schema":{"@context":"https:\/\/schema.org","@graph":[{"@type":"WebPage","@id":"https:\/\/www.ecolive.com\/fr\/notre-histoire\/","url":"https:\/\/www.ecolive.com\/fr\/notre-histoire\/","name":"Ecolive accompagne les producteurs bio dans leur d\u00e9veloppement !","isPartOf":{"@id":"https:\/\/www.ecolive.com\/fr\/#website"},"datePublished":"2015-09-29T15:52:17+00:00","dateModified":"2024-09-30T07:22:42+00:00","description":"Ecolive, agence commerciale depuis 2010 accompagne les producteurs bio dans leur d\u00e9veloppement en France, en Allemagne et au Benelux.","breadcrumb":{"@id":"https:\/\/www.ecolive.com\/fr\/notre-histoire\/#breadcrumb"},"inLanguage":"fr-FR","potentialAction":[{"@type":"ReadAction","target":["https:\/\/www.ecolive.com\/fr\/notre-histoire\/"]}]},{"@type":"BreadcrumbList","@id":"https:\/\/www.ecolive.com\/fr\/notre-histoire\/#breadcrumb","itemListElement":[{"@type":"ListItem","position":1,"name":"Accueil","item":"https:\/\/www.ecolive.com\/fr\/"},{"@type":"ListItem","position":2,"name":"Notre histoire"}]},{"@type":"WebSite","@id":"https:\/\/www.ecolive.com\/fr\/#website","url":"https:\/\/www.ecolive.com\/fr\/","name":"Ecolive","description":"Chercheur de Go\u00fbt","potentialAction":[{"@type":"SearchAction","target":{"@type":"EntryPoint","urlTemplate":"https:\/\/www.ecolive.com\/fr\/?s={search_term_string}"},"query-input":"required name=search_term_string"}],"inLanguage":"fr-FR"}]}},"_links":{"self":[{"href":"https:\/\/www.ecolive.com\/fr\/wp-json\/wp\/v2\/pages\/178"}],"collection":[{"href":"https:\/\/www.ecolive.com\/fr\/wp-json\/wp\/v2\/pages"}],"about":[{"href":"https:\/\/www.ecolive.com\/fr\/wp-json\/wp\/v2\/types\/page"}],"author":[{"embeddable":true,"href":"https:\/\/www.ecolive.com\/fr\/wp-json\/wp\/v2\/users\/2"}],"replies":[{"embeddable":true,"href":"https:\/\/www.ecolive.com\/fr\/wp-json\/wp\/v2\/comments?post=178"}],"version-history":[{"count":6,"href":"https:\/\/www.ecolive.com\/fr\/wp-json\/wp\/v2\/pages\/178\/revisions"}],"predecessor-version":[{"id":11413,"href":"https:\/\/www.ecolive.com\/fr\/wp-json\/wp\/v2\/pages\/178\/revisions\/11413"}],"wp:attachment":[{"href":"https:\/\/www.ecolive.com\/fr\/wp-json\/wp\/v2\/media?parent=178"}],"curies":[{"name":"wp","href":"https:\/\/api.w.org\/{rel}","templated":true}]}}