{"id":387,"date":"2015-11-10T15:36:37","date_gmt":"2015-11-10T15:36:37","guid":{"rendered":"http:\/\/www.ecolive.com\/en\/?page_id=387"},"modified":"2019-11-20T12:17:48","modified_gmt":"2019-11-20T11:17:48","slug":"mentions-legales","status":"publish","type":"page","link":"https:\/\/www.ecolive.com\/en\/mentions-legales\/","title":{"rendered":"Mentions l\u00e9gales"},"content":{"rendered":"<h2 style=\"text-align: justify;\">Mentions l\u00e9gales<\/h2>\n<p style=\"text-align: justify;\"><strong>Le site ecolive.fr est \u00e9dit\u00e9 par : <\/strong><br \/>\nEcolive France<\/p>\n<p style=\"text-align: justify;\">8\u00a0rue des Entrepreneurs<br \/>\nF-44120 Vertou<\/p>\n<p style=\"text-align: justify;\">SARL au capital de 20 000\u20ac Immatricul\u00e9e au tribunal de commerce de Nantes sous le num\u00e9ro : 521 278 648<br \/>\nG\u00e9rants : Olivier Potaufeux &amp; Gregory Gicquel<\/p>\n<p style=\"text-align: justify;\"><strong>Le site ecolive.fr est d\u00e9velopp\u00e9 par :<\/strong><br \/>\n<a href=\"http:\/\/www.smartimpact.fr\/\" target=\"_blank\" rel=\"noopener noreferrer\">Smart Impact<\/a><\/p>\n<p style=\"text-align: justify;\"><strong>Le site ecolive.fr est h\u00e9berg\u00e9 par :<\/strong><br \/>\nONLINE.net, dont le si\u00e8ge social est situ\u00e9 au 8 rue de la ville l&#8217;Ev\u00eaque &#8211; 75008 PARIS<\/p>\n<p><strong>Cr\u00e9dits photos : <\/strong><\/p>\n<ul>\n<li>Photos des services : Carole Sertillanges de <a href=\"http:\/\/www.touchestudio.fr\/\">Touch\u00e9 Studio<\/a><\/li>\n<li>Unsplash<\/li>\n<\/ul>\n<h2 style=\"text-align: justify;\">D\u00e9finitions<\/h2>\n<p style=\"text-align: justify;\"><strong>Utilisateur : <\/strong>L&#8217;Utilisateur est toute personne qui utilise le Site ou l&#8217;un des services propos\u00e9s sur le Site.<br \/>\n<strong>Contenu Utilisateur :<\/strong> Le terme \u00ab Contenu Utilisateur \u00bb d\u00e9signe les donn\u00e9es transmises par l&#8217;Utilisateur dans les diff\u00e9rentes rubriques du Site.<br \/>\n<strong>Membre :<\/strong> Le terme \u00ab Membre \u00bb d\u00e9signe un utilisateur identifi\u00e9 sur le site.<br \/>\n<strong>Identifiant :<\/strong> Le terme \u00ab Identifiant \u00bb recouvre les informations n\u00e9cessaires \u00e0 l&#8217;identification d&#8217;un utilisateur sur le site pour acc\u00e9der aux zones r\u00e9serv\u00e9es aux membres.<br \/>\n<strong>Mot de passe :<\/strong> Le \u00ab Mot de passe \u00bb est une information confidentielle, dont l&#8217;Utilisateur doit garder le secret, lui permettant, utilis\u00e9 conjointement avec son Identifiant, de prouver l&#8217;identit\u00e9.<\/p>\n<h2 style=\"text-align: justify;\">Acc\u00e8s au service<\/h2>\n<p style=\"text-align: justify;\">Le Service est accessible gratuitement \u00e0 tout Utilisateur disposant d&#8217;un acc\u00e8s \u00e0 internet. Tous les co\u00fbts aff\u00e9rents \u00e0 l&#8217;acc\u00e8s au Service, que ce soient les frais mat\u00e9riels, logiciels ou d&#8217;acc\u00e8s \u00e0 internet sont exclusivement \u00e0 la charge de l&#8217;utilisateur. Il est seul responsable du bon fonctionnement de son \u00e9quipement informatique ainsi que de son acc\u00e8s \u00e0 internet.<br \/>\nCertaines sections du site sont r\u00e9serv\u00e9es aux Membres apr\u00e8s identification \u00e0 l&#8217;aide de leur Identifiant et de leur Mot de passe.<br \/>\necolive.fr se r\u00e9serve le droit de refuser l&#8217;acc\u00e8s au Service, unilat\u00e9ralement et sans notification pr\u00e9alable, \u00e0 tout Utilisateur ne respectant pas les pr\u00e9sentes conditions d&#8217;utilisation.<br \/>\nEcolive France met en oeuvre tous les moyens raisonnables \u00e0 sa disposition pour assurer un acc\u00e8s de qualit\u00e9 au Service, mais n&#8217;est tenu \u00e0 aucune obligation d&#8217;y parvenir.<br \/>\nEcolive France ne peut, en outre, \u00eatre tenue responsable de tout dysfonctionnement du r\u00e9seau ou des serveurs ou de tout autre \u00e9v\u00e9nement \u00e9chappant au contr\u00f4le raisonnable, qui emp\u00eacherait ou d\u00e9graderait l&#8217;acc\u00e8s au Service.<br \/>\nEcolive France se r\u00e9serve la possibilit\u00e9 d&#8217;interrompre, de suspendre momentan\u00e9ment ou de modifier sans pr\u00e9avis l&#8217;acc\u00e8s \u00e0 tout ou partie du Service, afin d&#8217;en assurer la maintenance, ou pour toute autre raison, sans que l&#8217;interruption n&#8217;ouvre droit \u00e0 aucune obligation ni indemnisation.<\/p>\n<h2 style=\"text-align: justify;\">Propri\u00e9t\u00e9 intellectuelle<\/h2>\n<p style=\"text-align: justify;\">Les textes et illustrations dont la mention le pr\u00e9cise sont soumis \u00e0 la CNIL et peuvent sous certaines conditions \u00eatre reproduits, distribu\u00e9s ou modifi\u00e9s et ce, sans n\u00e9cessairement en demander l&#8217;autorisation.<br \/>\n<strong>\u00ab Ecolive France \u00bb <\/strong>est une marque d\u00e9pos\u00e9e. Toute reproduction non autoris\u00e9e de ces marques, logos et signes distinctifs constitue une contrefa\u00e7on passible de sanctions p\u00e9nales. Le contrevenant s&#8217;expose \u00e0 des sanctions civiles et p\u00e9nales et notamment aux peines pr\u00e9vues aux articles L. 335.2 et L. 343.1 du code de la Propri\u00e9t\u00e9 Intellectuelle.<br \/>\nL&#8217;Utilisateur est seul responsable du Contenu Utilisateur qu&#8217;il met en ligne via le Service, ainsi que des textes et\/ou opinions qu&#8217;il formule. Il s&#8217;engage notamment \u00e0 ce que ces donn\u00e9es ne soient pas de nature \u00e0 porter atteinte aux int\u00e9r\u00eats l\u00e9gitimes de tiers quels qu&#8217;ils soient. A ce titre, il garantit Ecolive France contre tous recours, fond\u00e9s directement ou indirectement sur ces propos et\/ou donn\u00e9es, susceptibles d&#8217;\u00eatre intent\u00e9s par quiconque \u00e0 l&#8217;encontre de ecolive France. Il s&#8217;engage en particulier \u00e0 prendre en charge le paiement des sommes, quelles qu&#8217;elles soient, r\u00e9sultant du recours d&#8217;un tiers \u00e0 l&#8217;encontre de ecolive France, y compris les honoraires d&#8217;avocat et frais de justice.<br \/>\necolive France se r\u00e9serve le droit de supprimer tout ou partie du Contenu Utilisateur, \u00e0 tout moment et pour quelque raison que ce soit, sans avertissement ou justification pr\u00e9alable. L&#8217;Utilisateur ne pourra faire valoir aucune r\u00e9clamation \u00e0 ce titre.<\/p>\n<h2 style=\"text-align: justify;\">Donn\u00e9es personnelles<\/h2>\n<p style=\"text-align: justify;\">Dans une logique de respect de la vie priv\u00e9e de ses Utilisateurs, ecolive France s&#8217;engage \u00e0 ce que la collecte et le traitement d&#8217;informations personnelles, effectu\u00e9s au sein du pr\u00e9sent site, soient effectu\u00e9s conform\u00e9ment \u00e0 la loi n\u00b078-17 du 6 janvier 1978 relative \u00e0 l&#8217;informatique, aux fichiers et aux libert\u00e9s, dite <a href=\"http:\/\/www.commentcamarche.net\/contents\/droits\/loi78-17.php3\" target=\"_blank\" rel=\"noopener noreferrer\">Loi \u00ab Informatique et Libert\u00e9s <\/a>\u00bb. A ce titre, le site ecolive.fr fait l&#8217;objet d&#8217;une d\u00e9claration \u00e0 la CNIL sous le num\u00e9ro <strong>1543959<\/strong>. Conform\u00e9ment \u00e0 l&#8217;article 34 de la loi \u00ab Informatique et Libert\u00e9s \u00bb, <strong>Ecolive France\u00a0<\/strong>garantit \u00e0 l&#8217;Utilisateur un droit d&#8217;opposition, d&#8217;acc\u00e8s et de rectification sur les donn\u00e9es nominatives le concernant.<br \/>\nL&#8217;Utilisateur a la possibilit\u00e9 d&#8217;exercer ce droit :<br \/>\n\u2022 en utilisant <a href=\"https:\/\/www.ecolive.com\/_archive-20150630\/contact-fr.php\">le formulaire de contact<\/a> mis \u00e0 sa disposition ;<br \/>\n\u2022 en rentrant directement en contact par l&#8217;adresse suivante : contact(at)ecolive.fr.<\/p>\n<h2 style=\"text-align: justify;\">Limites de responsabilit\u00e9<\/h2>\n<p style=\"text-align: justify;\">Le site ecolive.fr est un site d&#8217;information sur la commercialisation de produits issus de l&#8217;agriculture biologique.<br \/>\nLes informations diffus\u00e9es sur le site ecolive.fr proviennent de sources r\u00e9put\u00e9es fiables. Toutefois,<strong> Ecolive France <\/strong>ne peut garantir l&#8217;exactitude ou la pertinence de ces donn\u00e9es. En outre, les informations mises \u00e0 disposition sur ce site le sont uniquement \u00e0 titre purement informatif et ne sauraient constituer en aucun cas un conseil ou une recommandation de quelque nature que ce soit.<br \/>\nEn cons\u00e9quence, l&#8217;Utilisation des informations et contenus disponibles sur l&#8217;ensemble du site, ne sauraient en aucun cas engager la responsabilit\u00e9 de Ecolive France, \u00e0 quelque titre que ce soit. L&#8217;Utilisateur est seul ma\u00eetre de la bonne utilisation, avec discernement et esprit, des informations mises \u00e0 sa disposition sur le Site.<br \/>\nPar ailleurs, l&#8217;Utilisateur s&#8217;engage \u00e0 indemniser Ecolive France de toutes cons\u00e9quences dommageables li\u00e9es directement ou indirectement \u00e0 l&#8217;usage qu&#8217;il fait du Service.<br \/>\nL&#8217;acc\u00e8s \u00e0 certaines sections du site Ecolive.fr n\u00e9cessite l&#8217;utilisation d&#8217;un Identifiant et d&#8217;un Mot de passe. Le Mot de passe, choisi par l&#8217;utilisateur, est personnel et confidentiel. L&#8217;utilisateur s&#8217;engage \u00e0 conserver secret son mot de passe et \u00e0 ne pas le divulguer sous quelque forme que ce soit. L&#8217;utilisation de son Identifiant et de son Mot de passe \u00e0 travers internet se fait aux risques et p\u00e9rils de l&#8217;Utilisateur. Il appartient \u00e0 l&#8217;Utilisateur de prendre toutes les dispositions n\u00e9cessaires permettant de prot\u00e9ger ses propres donn\u00e9es contre toute atteinte.<br \/>\nEcolive France s&#8217;engage n\u00e9anmoins \u00e0 mettre en place tous les moyens n\u00e9cessaires pour garantir la s\u00e9curit\u00e9 et la confidentialit\u00e9 des donn\u00e9es transmises. L&#8217;Utilisateur est inform\u00e9 qu&#8217;un ou plusieurs cookies, ne contenant aucune information personnelle, pourront \u00eatre plac\u00e9s sur son disque dur afin d&#8217;assurer son identification.<br \/>\nL&#8217;Utilisateur admet conna\u00eetre les limitations et contraintes propres au r\u00e9seau internet et, \u00e0 ce titre, reconna\u00eet notamment l&#8217;impossibilit\u00e9 d&#8217;une garantie totale de la s\u00e9curisation des \u00e9changes de donn\u00e9es. Ecolive France ne pourra pas \u00eatre tenue responsable des pr\u00e9judices d\u00e9coulant de la transmission de toute information, y compris de celle de son identifiant et\/ou de son mot de passe, via le Service.<br \/>\nEcolive France ne pourra en aucun cas, dans la limite du droit applicable, \u00eatre tenue responsable des dommages et\/ou pr\u00e9judices, directs ou indirects, mat\u00e9riels ou immat\u00e9riels, ou de quelque nature que ce soit, r\u00e9sultant d&#8217;une indisponibilit\u00e9 du Service ou de toute Utilisation du Service. Le terme \u00ab Utilisation \u00bb doit \u00eatre entendu au sens large, c&#8217;est-\u00e0-dire tout usage du site quel qu&#8217;il soit, licite ou non.<br \/>\nL&#8217;Utilisateur s&#8217;engage, d&#8217;une mani\u00e8re g\u00e9n\u00e9rale, \u00e0 respecter l&#8217;ensemble de la r\u00e9glementation en vigueur en France.<\/p>\n<h2 style=\"text-align: justify;\">Liens hypertextes<\/h2>\n<p style=\"text-align: justify;\">Ecolive.fr propose des liens hypertextes vers des sites web \u00e9dit\u00e9s et\/ou g\u00e9r\u00e9s par des tiers.<br \/>\nDans la mesure o\u00f9 aucun contr\u00f4le n&#8217;est exerc\u00e9 sur ces ressources externes, l&#8217;Utilisateur reconna\u00eet que Ecolive France n&#8217;assume aucune responsabilit\u00e9 relative \u00e0 la mise \u00e0 disposition de ces ressources, et ne peut \u00eatre tenue responsable quant \u00e0 leur contenu.<\/p>\n<h2 style=\"text-align: justify;\">Force majeure<\/h2>\n<p style=\"text-align: justify;\">La responsabilit\u00e9 de Ecolive France ne pourra \u00eatre engag\u00e9e en cas de force majeure ou de faits ind\u00e9pendants de sa volont\u00e9.<\/p>\n<h2 style=\"text-align: justify;\">Evolution du pr\u00e9sent contrat<\/h2>\n<p style=\"text-align: justify;\">Ecolive France se r\u00e9serve le droit de modifier les termes, conditions et mentions du pr\u00e9sent contrat \u00e0 tout moment.<br \/>\nIl est ainsi conseill\u00e9 \u00e0 l&#8217;Utilisateur de consulter r\u00e9guli\u00e8rement la derni\u00e8re version des Conditions d&#8217;Utilisation disponible sur le site www.ecolive.fr<\/p>\n<h2 style=\"text-align: justify;\">Dur\u00e9e et r\u00e9siliation<\/h2>\n<p style=\"text-align: justify;\">Le pr\u00e9sent contrat est conclu pour une dur\u00e9e ind\u00e9termin\u00e9e \u00e0 compter de l&#8217;Utilisation du Service par l&#8217;Utilisateur.<\/p>\n<h2 style=\"text-align: justify;\">Droit applicable et juridiction comp\u00e9tente<\/h2>\n<p style=\"text-align: justify;\">Les r\u00e8gles en mati\u00e8re de droit, applicables aux contenus et aux transmissions de donn\u00e9es sur et autour du site, sont d\u00e9termin\u00e9es par la loi fran\u00e7aise. En cas de litige, n&#8217;ayant pu faire l&#8217;objet d&#8217;un accord \u00e0 l&#8217;amiable, seuls les tribunaux fran\u00e7ais du ressort de la cour d&#8217;appel de Paris sont comp\u00e9tents.<\/p>\n","protected":false},"excerpt":{"rendered":"<p>Mentions l\u00e9gales Le site ecolive.fr est \u00e9dit\u00e9 par : Ecolive France 8\u00a0rue des Entrepreneurs F-44120 Vertou SARL au capital de 20 000\u20ac Immatricul\u00e9e au tribunal de commerce de Nantes sous le num\u00e9ro : 521 278 648 G\u00e9rants : Olivier Potaufeux &amp; Gregory Gicquel Le site ecolive.fr est d\u00e9velopp\u00e9 par : [&hellip;] <a href=\"https:\/\/www.ecolive.com\/en\/mentions-legales\/\" class=\"more\">Read More<\/a> <a href=\"https:\/\/www.ecolive.com\/en\/mentions-legales\/\" class=\"more\">Read More<\/a><\/p>\n","protected":false},"author":2,"featured_media":0,"parent":0,"menu_order":0,"comment_status":"closed","ping_status":"closed","template":"","meta":{"content-type":""},"acf":[],"yoast_head":"<!-- This site is optimized with the Yoast SEO plugin v20.13 - https:\/\/yoast.com\/wordpress\/plugins\/seo\/ -->\n<title>Mentions l\u00e9gales - Ecolive<\/title>\n<meta name=\"description\" content=\"Mentions l\u00e9gales Le site ecolive.fr est \u00e9dit\u00e9 par : Ecolive France 8\u00a0rue des Entrepreneurs F-44120 Vertou SARL au capital de 20 000\u20ac Immatricul\u00e9e au\" \/>\n<meta name=\"robots\" content=\"index, follow, max-snippet:-1, max-image-preview:large, max-video-preview:-1\" \/>\n<link rel=\"canonical\" href=\"https:\/\/www.ecolive.com\/en\/mentions-legales\/\" \/>\n<meta property=\"og:locale\" content=\"en_US\" \/>\n<meta property=\"og:type\" content=\"article\" \/>\n<meta property=\"og:title\" content=\"Mentions l\u00e9gales - Ecolive\" \/>\n<meta property=\"og:description\" content=\"Mentions l\u00e9gales Le site ecolive.fr est \u00e9dit\u00e9 par : Ecolive France 8\u00a0rue des Entrepreneurs F-44120 Vertou SARL au capital de 20 000\u20ac Immatricul\u00e9e au\" \/>\n<meta property=\"og:url\" content=\"https:\/\/www.ecolive.com\/en\/mentions-legales\/\" \/>\n<meta property=\"og:site_name\" content=\"Ecolive\" \/>\n<meta property=\"article:publisher\" content=\"https:\/\/www.facebook.com\/pages\/Ecolive\/202304496496615\" \/>\n<meta property=\"article:modified_time\" content=\"2019-11-20T11:17:48+00:00\" \/>\n<meta name=\"twitter:card\" content=\"summary_large_image\" \/>\n<meta name=\"twitter:site\" content=\"@ecolive_france\" \/>\n<meta name=\"twitter:label1\" content=\"Est. reading time\" \/>\n\t<meta name=\"twitter:data1\" content=\"7 minutes\" \/>\n<script type=\"application\/ld+json\" class=\"yoast-schema-graph\">{\"@context\":\"https:\/\/schema.org\",\"@graph\":[{\"@type\":\"WebPage\",\"@id\":\"https:\/\/www.ecolive.com\/en\/mentions-legales\/\",\"url\":\"https:\/\/www.ecolive.com\/en\/mentions-legales\/\",\"name\":\"Mentions l\u00e9gales - Ecolive\",\"isPartOf\":{\"@id\":\"https:\/\/www.ecolive.com\/fr\/#website\"},\"datePublished\":\"2015-11-10T15:36:37+00:00\",\"dateModified\":\"2019-11-20T11:17:48+00:00\",\"description\":\"Mentions l\u00e9gales Le site ecolive.fr est \u00e9dit\u00e9 par : Ecolive France 8\u00a0rue des Entrepreneurs F-44120 Vertou SARL au capital de 20 000\u20ac Immatricul\u00e9e au\",\"breadcrumb\":{\"@id\":\"https:\/\/www.ecolive.com\/en\/mentions-legales\/#breadcrumb\"},\"inLanguage\":\"en-US\",\"potentialAction\":[{\"@type\":\"ReadAction\",\"target\":[\"https:\/\/www.ecolive.com\/en\/mentions-legales\/\"]}]},{\"@type\":\"BreadcrumbList\",\"@id\":\"https:\/\/www.ecolive.com\/en\/mentions-legales\/#breadcrumb\",\"itemListElement\":[{\"@type\":\"ListItem\",\"position\":1,\"name\":\"Accueil\",\"item\":\"https:\/\/www.ecolive.com\/en\/\"},{\"@type\":\"ListItem\",\"position\":2,\"name\":\"Mentions l\u00e9gales\"}]},{\"@type\":\"WebSite\",\"@id\":\"https:\/\/www.ecolive.com\/fr\/#website\",\"url\":\"https:\/\/www.ecolive.com\/fr\/\",\"name\":\"Ecolive\",\"description\":\"Chercheur de Go\u00fbt\",\"potentialAction\":[{\"@type\":\"SearchAction\",\"target\":{\"@type\":\"EntryPoint\",\"urlTemplate\":\"https:\/\/www.ecolive.com\/fr\/?s={search_term_string}\"},\"query-input\":\"required name=search_term_string\"}],\"inLanguage\":\"en-US\"}]}<\/script>\n<!-- \/ Yoast SEO plugin. -->","yoast_head_json":{"title":"Mentions l\u00e9gales - Ecolive","description":"Mentions l\u00e9gales Le site ecolive.fr est \u00e9dit\u00e9 par : Ecolive France 8\u00a0rue des Entrepreneurs F-44120 Vertou SARL au capital de 20 000\u20ac Immatricul\u00e9e au","robots":{"index":"index","follow":"follow","max-snippet":"max-snippet:-1","max-image-preview":"max-image-preview:large","max-video-preview":"max-video-preview:-1"},"canonical":"https:\/\/www.ecolive.com\/en\/mentions-legales\/","og_locale":"en_US","og_type":"article","og_title":"Mentions l\u00e9gales - Ecolive","og_description":"Mentions l\u00e9gales Le site ecolive.fr est \u00e9dit\u00e9 par : Ecolive France 8\u00a0rue des Entrepreneurs F-44120 Vertou SARL au capital de 20 000\u20ac Immatricul\u00e9e au","og_url":"https:\/\/www.ecolive.com\/en\/mentions-legales\/","og_site_name":"Ecolive","article_publisher":"https:\/\/www.facebook.com\/pages\/Ecolive\/202304496496615","article_modified_time":"2019-11-20T11:17:48+00:00","twitter_card":"summary_large_image","twitter_site":"@ecolive_france","twitter_misc":{"Est. reading time":"7 minutes"},"schema":{"@context":"https:\/\/schema.org","@graph":[{"@type":"WebPage","@id":"https:\/\/www.ecolive.com\/en\/mentions-legales\/","url":"https:\/\/www.ecolive.com\/en\/mentions-legales\/","name":"Mentions l\u00e9gales - Ecolive","isPartOf":{"@id":"https:\/\/www.ecolive.com\/fr\/#website"},"datePublished":"2015-11-10T15:36:37+00:00","dateModified":"2019-11-20T11:17:48+00:00","description":"Mentions l\u00e9gales Le site ecolive.fr est \u00e9dit\u00e9 par : Ecolive France 8\u00a0rue des Entrepreneurs F-44120 Vertou SARL au capital de 20 000\u20ac Immatricul\u00e9e au","breadcrumb":{"@id":"https:\/\/www.ecolive.com\/en\/mentions-legales\/#breadcrumb"},"inLanguage":"en-US","potentialAction":[{"@type":"ReadAction","target":["https:\/\/www.ecolive.com\/en\/mentions-legales\/"]}]},{"@type":"BreadcrumbList","@id":"https:\/\/www.ecolive.com\/en\/mentions-legales\/#breadcrumb","itemListElement":[{"@type":"ListItem","position":1,"name":"Accueil","item":"https:\/\/www.ecolive.com\/en\/"},{"@type":"ListItem","position":2,"name":"Mentions l\u00e9gales"}]},{"@type":"WebSite","@id":"https:\/\/www.ecolive.com\/fr\/#website","url":"https:\/\/www.ecolive.com\/fr\/","name":"Ecolive","description":"Chercheur de Go\u00fbt","potentialAction":[{"@type":"SearchAction","target":{"@type":"EntryPoint","urlTemplate":"https:\/\/www.ecolive.com\/fr\/?s={search_term_string}"},"query-input":"required name=search_term_string"}],"inLanguage":"en-US"}]}},"_links":{"self":[{"href":"https:\/\/www.ecolive.com\/en\/wp-json\/wp\/v2\/pages\/387"}],"collection":[{"href":"https:\/\/www.ecolive.com\/en\/wp-json\/wp\/v2\/pages"}],"about":[{"href":"https:\/\/www.ecolive.com\/en\/wp-json\/wp\/v2\/types\/page"}],"author":[{"embeddable":true,"href":"https:\/\/www.ecolive.com\/en\/wp-json\/wp\/v2\/users\/2"}],"replies":[{"embeddable":true,"href":"https:\/\/www.ecolive.com\/en\/wp-json\/wp\/v2\/comments?post=387"}],"version-history":[{"count":5,"href":"https:\/\/www.ecolive.com\/en\/wp-json\/wp\/v2\/pages\/387\/revisions"}],"predecessor-version":[{"id":8021,"href":"https:\/\/www.ecolive.com\/en\/wp-json\/wp\/v2\/pages\/387\/revisions\/8021"}],"wp:attachment":[{"href":"https:\/\/www.ecolive.com\/en\/wp-json\/wp\/v2\/media?parent=387"}],"curies":[{"name":"wp","href":"https:\/\/api.w.org\/{rel}","templated":true}]}}