{"id":897,"date":"2016-03-14T12:24:10","date_gmt":"2016-03-14T11:24:10","guid":{"rendered":"http:\/\/www.ecolive.com\/de\/?page_id=897"},"modified":"2018-09-27T08:53:18","modified_gmt":"2018-09-27T07:53:18","slug":"unsere-ziele","status":"publish","type":"page","link":"https:\/\/www.ecolive.com\/de\/unsere-ziele\/","title":{"rendered":"Unsere Engagements"},"content":{"rendered":"<p>Als Handelsagentur und &#8222;<strong>Geschmacksfinder<\/strong>&#8220; ist es unser Hauptziel, neue \u2013 im Einklang mit der Natur stehende \u2013 <strong>K\u00f6stlichkeiten<\/strong> zu entdecken und den engagierten <strong>Bio-Produzenten<\/strong> zu helfen, ihre Produkte in <strong>Fachgesch\u00e4ften<\/strong> zu vermarkten.<\/p>\n<p>Wir f\u00f6rdern umweltbewusste Produzenten und bringen sie einem interessierten Publikum nahe. Verbraucher k\u00f6nnen die \u00f6kologischen K\u00f6stlichkeiten anschlie\u00dfend im Bioladen um die Ecke finden.<\/p>\n<h2>Die produzenten, der kern unserer aufgaben<\/h2>\n<p>Auf ihren Reisen sind Gr\u00e9gory und Olivier immer auf der Suche nach neuen Produzenten, die ihre Bio-Produkte in <strong>Frankreich<\/strong> und\/oder <strong>Deutschland<\/strong> etablieren und vermarkten wollen. An dieser Stelle kommt Ecolive ins Spiel. Wir bieten den interessierten Produzenten eine breite Palette an <strong>Dienstleistungen<\/strong>: von Au\u00dfenhandelbesuchen, \u00fcber Produktumfragen bis hin zu Verkaufsveranstaltungen. Auf diese Weise unterst\u00fctzen wir die Produzenten bei ihrer Entwicklung, sodass sie letztlich auf dem f\u00fcr sie noch unbekannten, sehr wettbewerbsintensiven, ausl\u00e4ndischen <strong>Bio-Markt<\/strong>, Fu\u00df fassen und sich dauerhaft etablieren k\u00f6nnen.<\/p>\n<h2>Fachgesch\u00e4fte, eine wahre schatzkammer<\/h2>\n<p>Fachgesch\u00e4fte wie EBL oder Biocompany bieten ihrer Kundschaft gerne eine breite Palette an Bio-Produkten h\u00f6chster Qualit\u00e4t an.<\/p>\n<p>Unsere Aufgabe ist es, \u201eunsere\u201c Produkte an all diesen <strong>Verkaufspunkten<\/strong> zug\u00e4nglich zu machen. Unser deutsches Sales-Team analysiert die speziellen Bed\u00fcrfnisse der Ladner, ber\u00e4t und unterst\u00fctzt. Beispielsweise organisieren unsere <strong>Markenbotschafter<\/strong> Verkostungen in L\u00e4den oder gestalten Themenwochen mit. Sie informieren Ladner \u00fcber Produktneuheiten und versorgen sie mit entsprechenden POS-Materialien. Bei dieser T\u00e4tigkeit stehen die <strong>kunden- <\/strong>und<strong> verbraucherspezifischen Erwartungen<\/strong> im Mittelpunkt und bilden den Ausgangspunkt f\u00fcr unser Handeln.<\/p>\n<h2>Unsere produkte, unsere kostbarkeiten<\/h2>\n<p>Unsere Produzenten sind Goldminen f\u00fcr uns: Aus ihrer besonderen Geschichte, ihrem wertvollen Savoir-faire, sowie ihren \u00f6kologischen und sozialen Wertevorstellungen resultieren kostbare Produkte. Diese Kostbarkeiten \u00fcberzeugen mit ihrem <strong>einzigartigen<\/strong> und vollen <strong>Geschmack<\/strong>. F\u00fcr uns steht der Genuss von gesunden Produkten h\u00f6chster <strong>Bioqualit\u00e4t<\/strong> an erster Stelle. Daher liegt es uns am Herzen, Verbrauchern hochwertige Produkte anzubieten. Unser Ziel ist es, unsere <strong>kulinarischen Errungenschaften<\/strong>, <strong>Werte <\/strong>und<strong> Ideale<\/strong> mit verschiedenen Interessengruppen zuteilen.<\/p>\n<img decoding=\"async\" loading=\"lazy\" class=\"aligncenter wp-image-6445 size-full\" data-src=\"https:\/\/www.ecolive.com\/assets\/2018\/09\/unsere-engagement.jpg\" data-lazy-img data-fade-in  alt=\"unsere-engagement\" width=\"1024\" height=\"752\" data-srcset=\"https:\/\/www.ecolive.com\/assets\/2018\/09\/unsere-engagement.jpg 1024w, https:\/\/www.ecolive.com\/assets\/2018\/09\/unsere-engagement-150x110.jpg 150w, https:\/\/www.ecolive.com\/assets\/2018\/09\/unsere-engagement-300x220.jpg 300w, https:\/\/www.ecolive.com\/assets\/2018\/09\/unsere-engagement-768x564.jpg 768w, https:\/\/www.ecolive.com\/assets\/2018\/09\/unsere-engagement-370x272.jpg 370w, https:\/\/www.ecolive.com\/assets\/2018\/09\/unsere-engagement-296x217.jpg 296w, https:\/\/www.ecolive.com\/assets\/2018\/09\/unsere-engagement-96x71.jpg 96w, https:\/\/www.ecolive.com\/assets\/2018\/09\/unsere-engagement-436x320.jpg 436w, https:\/\/www.ecolive.com\/assets\/2018\/09\/unsere-engagement-200x147.jpg 200w, https:\/\/www.ecolive.com\/assets\/2018\/09\/unsere-engagement-590x433.jpg 590w, https:\/\/www.ecolive.com\/assets\/2018\/09\/unsere-engagement-700x514.jpg 700w, https:\/\/www.ecolive.com\/assets\/2018\/09\/unsere-engagement-640x470.jpg 640w\" data-sizes=\"(max-width: 1024px) 100vw, 1024px\" \/>\n","protected":false},"excerpt":{"rendered":"<p>Als Handelsagentur und &#8222;Geschmacksfinder&#8220; ist es unser Hauptziel, neue \u2013 im Einklang mit der Natur stehende \u2013 K\u00f6stlichkeiten zu entdecken und den engagierten Bio-Produzenten zu helfen, ihre Produkte in Fachgesch\u00e4ften zu vermarkten. Wir f\u00f6rdern umweltbewusste Produzenten und bringen sie einem interessierten Publikum nahe. Verbraucher k\u00f6nnen die \u00f6kologischen K\u00f6stlichkeiten anschlie\u00dfend im [&hellip;] <a href=\"https:\/\/www.ecolive.com\/de\/unsere-ziele\/\" class=\"more\">Read More<\/a> <a href=\"https:\/\/www.ecolive.com\/de\/unsere-ziele\/\" class=\"more\">Read More<\/a><\/p>\n","protected":false},"author":1,"featured_media":0,"parent":0,"menu_order":0,"comment_status":"closed","ping_status":"closed","template":"","meta":{"content-type":""},"acf":[],"yoast_head":"<!-- This site is optimized with the Yoast SEO plugin v20.13 - https:\/\/yoast.com\/wordpress\/plugins\/seo\/ -->\n<title>Unsere Engagement | Ecolive Organic Trade Agency<\/title>\n<meta name=\"description\" content=\"Das oberste Ziel von Ecolive ist es, den Verbrauchern \u00f6kologisch verantwortungsvolle Erzeuger vorzustellen, deren Produkte Sie im Bioladen.\" \/>\n<meta name=\"robots\" content=\"index, follow, max-snippet:-1, max-image-preview:large, max-video-preview:-1\" \/>\n<link rel=\"canonical\" href=\"https:\/\/www.ecolive.com\/de\/unsere-ziele\/\" \/>\n<meta property=\"og:locale\" content=\"de_DE\" \/>\n<meta property=\"og:type\" content=\"article\" \/>\n<meta property=\"og:title\" content=\"Unsere Engagement | Ecolive Organic Trade Agency\" \/>\n<meta property=\"og:description\" content=\"Das oberste Ziel von Ecolive ist es, den Verbrauchern \u00f6kologisch verantwortungsvolle Erzeuger vorzustellen, deren Produkte Sie im Bioladen.\" \/>\n<meta property=\"og:url\" content=\"https:\/\/www.ecolive.com\/de\/unsere-ziele\/\" \/>\n<meta property=\"og:site_name\" content=\"Ecolive\" \/>\n<meta property=\"article:publisher\" content=\"https:\/\/www.facebook.com\/pages\/Ecolive\/202304496496615\" \/>\n<meta property=\"article:modified_time\" content=\"2018-09-27T07:53:18+00:00\" \/>\n<meta property=\"og:image\" content=\"https:\/\/www.ecolive.com\/assets\/2018\/09\/unsere-engagement.jpg\" \/>\n<meta name=\"twitter:card\" content=\"summary_large_image\" \/>\n<meta name=\"twitter:site\" content=\"@ecolive_france\" \/>\n<meta name=\"twitter:label1\" content=\"Gesch\u00e4tzte Lesezeit\" \/>\n\t<meta name=\"twitter:data1\" content=\"2\u00a0Minuten\" \/>\n<script type=\"application\/ld+json\" class=\"yoast-schema-graph\">{\"@context\":\"https:\/\/schema.org\",\"@graph\":[{\"@type\":\"WebPage\",\"@id\":\"https:\/\/www.ecolive.com\/de\/unsere-ziele\/\",\"url\":\"https:\/\/www.ecolive.com\/de\/unsere-ziele\/\",\"name\":\"Unsere Engagement | Ecolive Organic Trade Agency\",\"isPartOf\":{\"@id\":\"https:\/\/www.ecolive.com\/fr\/#website\"},\"datePublished\":\"2016-03-14T11:24:10+00:00\",\"dateModified\":\"2018-09-27T07:53:18+00:00\",\"description\":\"Das oberste Ziel von Ecolive ist es, den Verbrauchern \u00f6kologisch verantwortungsvolle Erzeuger vorzustellen, deren Produkte Sie im Bioladen.\",\"breadcrumb\":{\"@id\":\"https:\/\/www.ecolive.com\/de\/unsere-ziele\/#breadcrumb\"},\"inLanguage\":\"de\",\"potentialAction\":[{\"@type\":\"ReadAction\",\"target\":[\"https:\/\/www.ecolive.com\/de\/unsere-ziele\/\"]}]},{\"@type\":\"BreadcrumbList\",\"@id\":\"https:\/\/www.ecolive.com\/de\/unsere-ziele\/#breadcrumb\",\"itemListElement\":[{\"@type\":\"ListItem\",\"position\":1,\"name\":\"Accueil\",\"item\":\"https:\/\/www.ecolive.com\/de\/\"},{\"@type\":\"ListItem\",\"position\":2,\"name\":\"Unsere Engagements\"}]},{\"@type\":\"WebSite\",\"@id\":\"https:\/\/www.ecolive.com\/fr\/#website\",\"url\":\"https:\/\/www.ecolive.com\/fr\/\",\"name\":\"Ecolive\",\"description\":\"Chercheur de Go\u00fbt\",\"potentialAction\":[{\"@type\":\"SearchAction\",\"target\":{\"@type\":\"EntryPoint\",\"urlTemplate\":\"https:\/\/www.ecolive.com\/fr\/?s={search_term_string}\"},\"query-input\":\"required name=search_term_string\"}],\"inLanguage\":\"de\"}]}<\/script>\n<!-- \/ Yoast SEO plugin. -->","yoast_head_json":{"title":"Unsere Engagement | Ecolive Organic Trade Agency","description":"Das oberste Ziel von Ecolive ist es, den Verbrauchern \u00f6kologisch verantwortungsvolle Erzeuger vorzustellen, deren Produkte Sie im Bioladen.","robots":{"index":"index","follow":"follow","max-snippet":"max-snippet:-1","max-image-preview":"max-image-preview:large","max-video-preview":"max-video-preview:-1"},"canonical":"https:\/\/www.ecolive.com\/de\/unsere-ziele\/","og_locale":"de_DE","og_type":"article","og_title":"Unsere Engagement | Ecolive Organic Trade Agency","og_description":"Das oberste Ziel von Ecolive ist es, den Verbrauchern \u00f6kologisch verantwortungsvolle Erzeuger vorzustellen, deren Produkte Sie im Bioladen.","og_url":"https:\/\/www.ecolive.com\/de\/unsere-ziele\/","og_site_name":"Ecolive","article_publisher":"https:\/\/www.facebook.com\/pages\/Ecolive\/202304496496615","article_modified_time":"2018-09-27T07:53:18+00:00","og_image":[{"url":"https:\/\/www.ecolive.com\/assets\/2018\/09\/unsere-engagement.jpg"}],"twitter_card":"summary_large_image","twitter_site":"@ecolive_france","twitter_misc":{"Gesch\u00e4tzte Lesezeit":"2\u00a0Minuten"},"schema":{"@context":"https:\/\/schema.org","@graph":[{"@type":"WebPage","@id":"https:\/\/www.ecolive.com\/de\/unsere-ziele\/","url":"https:\/\/www.ecolive.com\/de\/unsere-ziele\/","name":"Unsere Engagement | Ecolive Organic Trade Agency","isPartOf":{"@id":"https:\/\/www.ecolive.com\/fr\/#website"},"datePublished":"2016-03-14T11:24:10+00:00","dateModified":"2018-09-27T07:53:18+00:00","description":"Das oberste Ziel von Ecolive ist es, den Verbrauchern \u00f6kologisch verantwortungsvolle Erzeuger vorzustellen, deren Produkte Sie im Bioladen.","breadcrumb":{"@id":"https:\/\/www.ecolive.com\/de\/unsere-ziele\/#breadcrumb"},"inLanguage":"de","potentialAction":[{"@type":"ReadAction","target":["https:\/\/www.ecolive.com\/de\/unsere-ziele\/"]}]},{"@type":"BreadcrumbList","@id":"https:\/\/www.ecolive.com\/de\/unsere-ziele\/#breadcrumb","itemListElement":[{"@type":"ListItem","position":1,"name":"Accueil","item":"https:\/\/www.ecolive.com\/de\/"},{"@type":"ListItem","position":2,"name":"Unsere Engagements"}]},{"@type":"WebSite","@id":"https:\/\/www.ecolive.com\/fr\/#website","url":"https:\/\/www.ecolive.com\/fr\/","name":"Ecolive","description":"Chercheur de Go\u00fbt","potentialAction":[{"@type":"SearchAction","target":{"@type":"EntryPoint","urlTemplate":"https:\/\/www.ecolive.com\/fr\/?s={search_term_string}"},"query-input":"required name=search_term_string"}],"inLanguage":"de"}]}},"_links":{"self":[{"href":"https:\/\/www.ecolive.com\/de\/wp-json\/wp\/v2\/pages\/897"}],"collection":[{"href":"https:\/\/www.ecolive.com\/de\/wp-json\/wp\/v2\/pages"}],"about":[{"href":"https:\/\/www.ecolive.com\/de\/wp-json\/wp\/v2\/types\/page"}],"author":[{"embeddable":true,"href":"https:\/\/www.ecolive.com\/de\/wp-json\/wp\/v2\/users\/1"}],"replies":[{"embeddable":true,"href":"https:\/\/www.ecolive.com\/de\/wp-json\/wp\/v2\/comments?post=897"}],"version-history":[{"count":5,"href":"https:\/\/www.ecolive.com\/de\/wp-json\/wp\/v2\/pages\/897\/revisions"}],"predecessor-version":[{"id":6448,"href":"https:\/\/www.ecolive.com\/de\/wp-json\/wp\/v2\/pages\/897\/revisions\/6448"}],"wp:attachment":[{"href":"https:\/\/www.ecolive.com\/de\/wp-json\/wp\/v2\/media?parent=897"}],"curies":[{"name":"wp","href":"https:\/\/api.w.org\/{rel}","templated":true}]}}