{"id":893,"date":"2016-03-14T12:23:29","date_gmt":"2016-03-14T11:23:29","guid":{"rendered":"http:\/\/www.ecolive.com\/de\/?page_id=893"},"modified":"2024-09-30T08:24:09","modified_gmt":"2024-09-30T07:24:09","slug":"unsere-geschichte","status":"publish","type":"page","link":"https:\/\/www.ecolive.com\/de\/unsere-geschichte\/","title":{"rendered":"Unsere Geschichte"},"content":{"rendered":"<h2 style=\"text-align: justify;\">\u00dcber uns<\/h2>\n<p>Ecolive ist eine auf den Vertrieb von Produkten aus zertifiziert biologischem Anbau spezialisierte Agentur. Seit 2010 bringen wir das Fachwissen zahlreicher Erzeuger in Bio-Gesch\u00e4ften in Frankreich und Deutschland zur Geltung.<\/p>\n<p>Unser Ziel besteht darin, echte kulinarische Perlen zu entdecken und der \u00d6ffentlichkeit n\u00e4herzubringen. Indem wir die Erzeuger bei der Gesch\u00e4ftsentwicklung unterst\u00fctzen, sorgen wir daf\u00fcr, dass die entsprechenden Produkte in Gesch\u00e4ften in der N\u00e4he der jeweiligen Verbraucher verf\u00fcgbar sind.<\/p>\n<p>Kurz gesagt: Wir helfen Erzeugern von Bio-Produkten im Rahmen von\u00a0<a href=\"https:\/\/www.ecolive.com\/de\/services\/\">4 Servicephasen<\/a> beim Ausbau ihres Gesch\u00e4fts in Frankreich und Deutschland:<\/p>\n<ul>\n<li>Marktstudie<\/li>\n<li>Markenentwicklung<\/li>\n<li>Externalisierte Verkaufskraft<\/li>\n<li>Kommunikation<\/li>\n<\/ul>\n<p><div class=\"iframe-container oembed\" data-lazy-iframe data-lazy-iframe-delay=\"0\">\n      <div class=\"iframe-content responsive-embed widescreen\">\n        <iframe loading=\"lazy\" data-lazysrc=\"https:\/\/www.youtube.com\/embed\/kIzGA1WWMa4\" width=\"560\" height=\"315\" frameborder=\"0\" allowfullscreen=\"allowfullscreen\"><\/iframe>\n      <\/div>\n    <\/div><\/p>\n<h2 style=\"text-align: justify;\">Unser Team<\/h2>\n<div style=\"text-align: justify;\">\n<p>25 mehrsprachige Personen stehen Ihnen jeden Tag zur Verf\u00fcgung<\/p>\n<\/div>\n<p>&nbsp;<\/p>\n<h2 style=\"text-align: justify;\"><img decoding=\"async\" loading=\"lazy\" class=\"alignleft wp-image-11404\" data-src=\"\/assets\/2024\/09\/Organigramme-DE-08-2024_RVB-300x178.jpg\" data-lazy-img data-fade-in  alt=\"\" width=\"1000\" height=\"593\" data-srcset=\"https:\/\/www.ecolive.com\/assets\/2024\/09\/Organigramme-DE-08-2024_RVB-300x178.jpg 300w, https:\/\/www.ecolive.com\/assets\/2024\/09\/Organigramme-DE-08-2024_RVB-1024x607.jpg 1024w, https:\/\/www.ecolive.com\/assets\/2024\/09\/Organigramme-DE-08-2024_RVB-150x89.jpg 150w, https:\/\/www.ecolive.com\/assets\/2024\/09\/Organigramme-DE-08-2024_RVB-768x455.jpg 768w, https:\/\/www.ecolive.com\/assets\/2024\/09\/Organigramme-DE-08-2024_RVB-1536x910.jpg 1536w, https:\/\/www.ecolive.com\/assets\/2024\/09\/Organigramme-DE-08-2024_RVB-2048x1214.jpg 2048w, https:\/\/www.ecolive.com\/assets\/2024\/09\/Organigramme-DE-08-2024_RVB-459x272.jpg 459w, https:\/\/www.ecolive.com\/assets\/2024\/09\/Organigramme-DE-08-2024_RVB-296x175.jpg 296w, https:\/\/www.ecolive.com\/assets\/2024\/09\/Organigramme-DE-08-2024_RVB-96x57.jpg 96w, https:\/\/www.ecolive.com\/assets\/2024\/09\/Organigramme-DE-08-2024_RVB-540x320.jpg 540w, https:\/\/www.ecolive.com\/assets\/2024\/09\/Organigramme-DE-08-2024_RVB-200x119.jpg 200w, https:\/\/www.ecolive.com\/assets\/2024\/09\/Organigramme-DE-08-2024_RVB-1920x1138.jpg 1920w, https:\/\/www.ecolive.com\/assets\/2024\/09\/Organigramme-DE-08-2024_RVB-590x350.jpg 590w, https:\/\/www.ecolive.com\/assets\/2024\/09\/Organigramme-DE-08-2024_RVB-700x415.jpg 700w, https:\/\/www.ecolive.com\/assets\/2024\/09\/Organigramme-DE-08-2024_RVB-640x379.jpg 640w\" data-sizes=\"(max-width: 1000px) 100vw, 1000px\" \/><\/h2>\n<p>&nbsp;<\/p>\n","protected":false},"excerpt":{"rendered":"<p>\u00dcber uns Ecolive ist eine auf den Vertrieb von Produkten aus zertifiziert biologischem Anbau spezialisierte Agentur. Seit 2010 bringen wir das Fachwissen zahlreicher Erzeuger in Bio-Gesch\u00e4ften in Frankreich und Deutschland zur Geltung. Unser Ziel besteht darin, echte kulinarische Perlen zu entdecken und der \u00d6ffentlichkeit n\u00e4herzubringen. Indem wir die Erzeuger bei [&hellip;] <a href=\"https:\/\/www.ecolive.com\/de\/unsere-geschichte\/\" class=\"more\">Read More<\/a> <a href=\"https:\/\/www.ecolive.com\/de\/unsere-geschichte\/\" class=\"more\">Read More<\/a><\/p>\n","protected":false},"author":1,"featured_media":0,"parent":0,"menu_order":0,"comment_status":"closed","ping_status":"closed","template":"","meta":{"content-type":""},"acf":[],"yoast_head":"<!-- This site is optimized with the Yoast SEO plugin v20.13 - https:\/\/yoast.com\/wordpress\/plugins\/seo\/ -->\n<title>Unsere Geschichte - Ecolive<\/title>\n<meta name=\"description\" content=\"\u00dcber uns Ecolive ist eine auf den Vertrieb von Produkten aus zertifiziert biologischem Anbau spezialisierte Agentur. Seit 2010 bringen wir das Fachwissen\" \/>\n<meta name=\"robots\" content=\"index, follow, max-snippet:-1, max-image-preview:large, max-video-preview:-1\" \/>\n<link rel=\"canonical\" href=\"https:\/\/www.ecolive.com\/de\/unsere-geschichte\/\" \/>\n<meta property=\"og:locale\" content=\"de_DE\" \/>\n<meta property=\"og:type\" content=\"article\" \/>\n<meta property=\"og:title\" content=\"Unsere Geschichte - Ecolive\" \/>\n<meta property=\"og:description\" content=\"\u00dcber uns Ecolive ist eine auf den Vertrieb von Produkten aus zertifiziert biologischem Anbau spezialisierte Agentur. Seit 2010 bringen wir das Fachwissen\" \/>\n<meta property=\"og:url\" content=\"https:\/\/www.ecolive.com\/de\/unsere-geschichte\/\" \/>\n<meta property=\"og:site_name\" content=\"Ecolive\" \/>\n<meta property=\"article:publisher\" content=\"https:\/\/www.facebook.com\/pages\/Ecolive\/202304496496615\" \/>\n<meta property=\"article:modified_time\" content=\"2024-09-30T07:24:09+00:00\" \/>\n<meta name=\"twitter:card\" content=\"summary_large_image\" \/>\n<meta name=\"twitter:site\" content=\"@ecolive_france\" \/>\n<meta name=\"twitter:label1\" content=\"Gesch\u00e4tzte Lesezeit\" \/>\n\t<meta name=\"twitter:data1\" content=\"1\u00a0Minute\" \/>\n<script type=\"application\/ld+json\" class=\"yoast-schema-graph\">{\"@context\":\"https:\/\/schema.org\",\"@graph\":[{\"@type\":\"WebPage\",\"@id\":\"https:\/\/www.ecolive.com\/de\/unsere-geschichte\/\",\"url\":\"https:\/\/www.ecolive.com\/de\/unsere-geschichte\/\",\"name\":\"Unsere Geschichte - Ecolive\",\"isPartOf\":{\"@id\":\"https:\/\/www.ecolive.com\/fr\/#website\"},\"datePublished\":\"2016-03-14T11:23:29+00:00\",\"dateModified\":\"2024-09-30T07:24:09+00:00\",\"description\":\"\u00dcber uns Ecolive ist eine auf den Vertrieb von Produkten aus zertifiziert biologischem Anbau spezialisierte Agentur. Seit 2010 bringen wir das Fachwissen\",\"breadcrumb\":{\"@id\":\"https:\/\/www.ecolive.com\/de\/unsere-geschichte\/#breadcrumb\"},\"inLanguage\":\"de\",\"potentialAction\":[{\"@type\":\"ReadAction\",\"target\":[\"https:\/\/www.ecolive.com\/de\/unsere-geschichte\/\"]}]},{\"@type\":\"BreadcrumbList\",\"@id\":\"https:\/\/www.ecolive.com\/de\/unsere-geschichte\/#breadcrumb\",\"itemListElement\":[{\"@type\":\"ListItem\",\"position\":1,\"name\":\"Accueil\",\"item\":\"https:\/\/www.ecolive.com\/de\/\"},{\"@type\":\"ListItem\",\"position\":2,\"name\":\"Unsere Geschichte\"}]},{\"@type\":\"WebSite\",\"@id\":\"https:\/\/www.ecolive.com\/fr\/#website\",\"url\":\"https:\/\/www.ecolive.com\/fr\/\",\"name\":\"Ecolive\",\"description\":\"Chercheur de Go\u00fbt\",\"potentialAction\":[{\"@type\":\"SearchAction\",\"target\":{\"@type\":\"EntryPoint\",\"urlTemplate\":\"https:\/\/www.ecolive.com\/fr\/?s={search_term_string}\"},\"query-input\":\"required name=search_term_string\"}],\"inLanguage\":\"de\"}]}<\/script>\n<!-- \/ Yoast SEO plugin. -->","yoast_head_json":{"title":"Unsere Geschichte - Ecolive","description":"\u00dcber uns Ecolive ist eine auf den Vertrieb von Produkten aus zertifiziert biologischem Anbau spezialisierte Agentur. Seit 2010 bringen wir das Fachwissen","robots":{"index":"index","follow":"follow","max-snippet":"max-snippet:-1","max-image-preview":"max-image-preview:large","max-video-preview":"max-video-preview:-1"},"canonical":"https:\/\/www.ecolive.com\/de\/unsere-geschichte\/","og_locale":"de_DE","og_type":"article","og_title":"Unsere Geschichte - Ecolive","og_description":"\u00dcber uns Ecolive ist eine auf den Vertrieb von Produkten aus zertifiziert biologischem Anbau spezialisierte Agentur. Seit 2010 bringen wir das Fachwissen","og_url":"https:\/\/www.ecolive.com\/de\/unsere-geschichte\/","og_site_name":"Ecolive","article_publisher":"https:\/\/www.facebook.com\/pages\/Ecolive\/202304496496615","article_modified_time":"2024-09-30T07:24:09+00:00","twitter_card":"summary_large_image","twitter_site":"@ecolive_france","twitter_misc":{"Gesch\u00e4tzte Lesezeit":"1\u00a0Minute"},"schema":{"@context":"https:\/\/schema.org","@graph":[{"@type":"WebPage","@id":"https:\/\/www.ecolive.com\/de\/unsere-geschichte\/","url":"https:\/\/www.ecolive.com\/de\/unsere-geschichte\/","name":"Unsere Geschichte - Ecolive","isPartOf":{"@id":"https:\/\/www.ecolive.com\/fr\/#website"},"datePublished":"2016-03-14T11:23:29+00:00","dateModified":"2024-09-30T07:24:09+00:00","description":"\u00dcber uns Ecolive ist eine auf den Vertrieb von Produkten aus zertifiziert biologischem Anbau spezialisierte Agentur. Seit 2010 bringen wir das Fachwissen","breadcrumb":{"@id":"https:\/\/www.ecolive.com\/de\/unsere-geschichte\/#breadcrumb"},"inLanguage":"de","potentialAction":[{"@type":"ReadAction","target":["https:\/\/www.ecolive.com\/de\/unsere-geschichte\/"]}]},{"@type":"BreadcrumbList","@id":"https:\/\/www.ecolive.com\/de\/unsere-geschichte\/#breadcrumb","itemListElement":[{"@type":"ListItem","position":1,"name":"Accueil","item":"https:\/\/www.ecolive.com\/de\/"},{"@type":"ListItem","position":2,"name":"Unsere Geschichte"}]},{"@type":"WebSite","@id":"https:\/\/www.ecolive.com\/fr\/#website","url":"https:\/\/www.ecolive.com\/fr\/","name":"Ecolive","description":"Chercheur de Go\u00fbt","potentialAction":[{"@type":"SearchAction","target":{"@type":"EntryPoint","urlTemplate":"https:\/\/www.ecolive.com\/fr\/?s={search_term_string}"},"query-input":"required name=search_term_string"}],"inLanguage":"de"}]}},"_links":{"self":[{"href":"https:\/\/www.ecolive.com\/de\/wp-json\/wp\/v2\/pages\/893"}],"collection":[{"href":"https:\/\/www.ecolive.com\/de\/wp-json\/wp\/v2\/pages"}],"about":[{"href":"https:\/\/www.ecolive.com\/de\/wp-json\/wp\/v2\/types\/page"}],"author":[{"embeddable":true,"href":"https:\/\/www.ecolive.com\/de\/wp-json\/wp\/v2\/users\/1"}],"replies":[{"embeddable":true,"href":"https:\/\/www.ecolive.com\/de\/wp-json\/wp\/v2\/comments?post=893"}],"version-history":[{"count":6,"href":"https:\/\/www.ecolive.com\/de\/wp-json\/wp\/v2\/pages\/893\/revisions"}],"predecessor-version":[{"id":11416,"href":"https:\/\/www.ecolive.com\/de\/wp-json\/wp\/v2\/pages\/893\/revisions\/11416"}],"wp:attachment":[{"href":"https:\/\/www.ecolive.com\/de\/wp-json\/wp\/v2\/media?parent=893"}],"curies":[{"name":"wp","href":"https:\/\/api.w.org\/{rel}","templated":true}]}}