{"id":1163,"date":"2015-11-10T15:36:37","date_gmt":"2015-11-10T15:36:37","guid":{"rendered":"http:\/\/www.ecolive.com\/de\/mentions-legales\/"},"modified":"2021-02-11T17:05:24","modified_gmt":"2021-02-11T16:05:24","slug":"rechtliche-hinweise","status":"publish","type":"page","link":"https:\/\/www.ecolive.com\/de\/rechtliche-hinweise\/","title":{"rendered":"Rechtliche Hinweise"},"content":{"rendered":"<h3 style=\"text-align: justify;\">Rechtliche Hinweise<\/h3>\n<p><strong>Begr\u00fc\u00dfungsseite Rechtliche Hinweise<\/strong><\/p>\n<p style=\"text-align: justify;\"><strong>Die Website ecolive.fr wird herausgegeben von :<\/strong><br \/>\nEcolive France<br \/>\n8 rue des entrepreneurs<br \/>\nF-44120 Vertou<br \/>\nSARL, mit einem Kapital von 20 000\u20ac, eingetragen beim Handelsgericht von Nantes unter der Nummer : 521.278.648<\/p>\n<p>Gesch\u00e4ftsf\u00fchrer : Olivier Potaufeux &amp; Gregory Gicquel<\/p>\n<p style=\"text-align: justify;\"><strong>Die Website ecolive.fr wurde entwickelt von :<\/strong><br \/>\n<a href=\"http:\/\/www.smartimpact.fr\/\" target=\"_blank\" rel=\"noopener noreferrer\">Smart Impact<\/a><\/p>\n<p>Die Website ecolive.fr wird gehostet von:<br \/>\nONLINE.net, dont le si\u00e8ge social est situ\u00e9 au 8 rue de la ville l&#8217;Ev\u00eaque &#8211; 75008 PARIS<\/p>\n<p><strong>Fotos und Bilder :<\/strong><\/p>\n<ul>\n<li>Fotos der Dienstleistungen : Carole Sertillanges de <a href=\"http:\/\/www.touchestudio.fr\/\">Touch\u00e9 Studio<\/a><\/li>\n<li>Unsplash<\/li>\n<\/ul>\n<h3 style=\"text-align: justify;\">Definitionen<\/h3>\n<p style=\"text-align: justify;\"><strong>Benutzer:<\/strong>Unter Nutzer versteht sich jede Person, die die Website oder einen der auf der Website angebotenen Dienste nutzt.<br \/>\n<strong>Benutzerinhalte:<\/strong> Der Begriff \u00abBenutzerinhalte\u00bb bezieht sich auf die vom Benutzer in den verschiedenen Bereichen der Website \u00fcbermittelten Daten.<br \/>\n<strong>Mitglied:<\/strong> Der Begriff \u00abMitglied\u00bb bezieht sich auf einen auf der Website identifizierten Benutzer.<br \/>\n<strong>Benutzer-ID:<\/strong> Unter dem Begriff \u00abBenutzer-ID\u00bb verstehen sich die Informationen, die zur Identifizierung eines Benutzers auf der Website erforderlich sind, um Zugang zu den f\u00fcr Mitglieder reservierten Bereichen zu erhalten.<br \/>\n<strong>Passwort:<\/strong> Das \u00abPasswort\u00bb ist eine vertrauliche Information, die der Benutzer geheim halten muss und durch die er zusammen mit seiner Benutzer-ID seine Identit\u00e4t nachweisen kann.<\/p>\n<h3>Zugriff auf den Dienst<\/h3>\n<p>Der Dienst ist f\u00fcr jeden Benutzer mit Internetzugang kostenlos zug\u00e4nglich. Alle im Zusammenhang mit dem Zugang zum Dienst entstehenden Kosten, wie z.B f\u00fcr Hardware-, Software- oder Internetzugang, gehen ausschlie\u00dflich zulasten des Benutzers. Ihm allein obliegt die Verantwortung f\u00fcr das ordnungsgem\u00e4\u00dfe Funktionieren seiner Computerausr\u00fcstung sowie f\u00fcr seinen Zugang zum Internet.<\/p>\n<p>Bestimmte Bereiche der Website sind f\u00fcr Mitglieder nach Identifizierung mit ihrer Benutzer-ID und ihrem Passwort reserviert.<\/p>\n<p>ecolive.fr beh\u00e4lt sich das Recht vor, jedem Nutzer, der diese Nutzungsbedingungen nicht einh\u00e4lt, &#8211; einseitig und ohne vorherige Ank\u00fcndigung &#8211; den Zugang zum Dienst zu verweigern.<\/p>\n<p>Ecolive France wird alle ihr zur Verf\u00fcgung stehenden angemessenen Mittel einsetzen, um einen qualitativ hochwertigen Zugang zum Dienst zu gew\u00e4hrleisten, ohne dazu verpflichtet zu sein.<\/p>\n<p>Dar\u00fcber hinaus kann Ecolive France nicht f\u00fcr Netzwerk- oder Serverfehlfunktionen oder andere Ereignisse, die au\u00dferhalb ihrer Kontrolle liegen und den Zugriff auf den Dienst verhindern oder beeintr\u00e4chtigen w\u00fcrden, zur Verantwortung gezogen werden..<\/p>\n<p>Ecolive France beh\u00e4lt sich das Recht vor, f\u00fcr Wartungszwecke oder aus anderen Gr\u00fcnden den Zugang zum gesamten Dienst oder zu Teilen davon ohne Vorank\u00fcndigung zu unterbrechen, vor\u00fcbergehend auszusetzen oder zu \u00e4ndern, ohne dass diese Unterbrechung jegliche Verpflichtungen oder Entsch\u00e4digungen bedingt.<\/p>\n<h3 style=\"text-align: justify;\">Geistiges Eigentum<\/h3>\n<p>Die hier abgedruckten Texte und Abbildungen unterliegen der CNIL und d\u00fcrfen unter bestimmten Bedingungen ohne verpflichtende Einholung einer Genehmigung vervielf\u00e4ltigt, verbreitet oder ver\u00e4ndert werden.<\/p>\n<p><strong>\u00abEcolive France\u00bb<\/strong> ist ein eingetragenes Warenzeichen. Jede unerlaubte Reproduktion dieser Marken, Logos und Unterscheidungszeichen stellt einen Versto\u00df dar, der strafrechtlich verfolgt wird. Der Zuwiderhandelnde unterliegt zivil- und strafrechtlichen Sanktionen, insbesondere den Strafen, die in den Artikeln L. 335.2 und L. 343.1 des Gesetzes \u00fcber geistiges Eigentum vorgesehen sind.<\/p>\n<p>Der Benutzer ist ausschlie\u00dflich f\u00fcr die Benutzerinhalte verantwortlich, die er \u00fcber den Dienst online stellt, sowie f\u00fcr Texte und\/oder Stellungnahmen, die er hier postet. Insbesondere verpflichtet er sich, daf\u00fcr zu sorgen, dass diese Daten die berechtigten Interessen jeglicher Dritter nicht beeintr\u00e4chtigen. Diesbez\u00fcglich h\u00e4lt er Ecolive France gegen jegliche Anspr\u00fcche schadlos, die direkt oder indirekt mit diesen Aussagen und\/oder Daten in Zusammenhang stehen und von beliebigen Personen gegen\u00fcber Ecolive France geltend gemacht werden k\u00f6nnten. Insbesondere verpflichtet er sich, alle wie auch immer gearteten Betr\u00e4ge zu bezahlen, die aufgrund einer Klage eines Dritten gegen ecolive France entstanden sind, einschlie\u00dflich der Anwalts- und Gerichtskosten.<\/p>\n<p style=\"text-align: justify;\">ecolive France beh\u00e4lt sich das Recht vor, die Benutzerinhalte jederzeit und ohne Angabe von Gr\u00fcnden vollst\u00e4ndig oder teilweise zu l\u00f6schen, ohne dass dies vorher angek\u00fcndigt oder begr\u00fcndet werden muss. Der Benutzer kann in diesem Zusammenhang keine Anspr\u00fcche geltend machen.<\/p>\n<h3 style=\"text-align: justify;\">Pers\u00f6nliche Daten<\/h3>\n<p>unter Ber\u00fccksichtigung der Wahrung der Privatsph\u00e4re ihrer Nutzer verpflichtet sich ecolive France, dass die Erfassung und Verarbeitung personenbezogener Daten im Rahmen dieser Website in \u00dcbereinstimmung mit dem franz\u00f6sischen Gesetz Nr. 78-17 vom 6. Januar 1978 \u00fcber Informatik, Dateien und Freiheiten, bekannt als \u00abLoi Informatique et Libert\u00e9s\u00bb (franz\u00f6sisches Datenschutzgesetz), erfolgt. Diesbez\u00fcglich liegt f\u00fcr die Seite ecolive.fr eine Meldung an die CNIL unter der Nummer 1543959 vor. Gem\u00e4\u00df Artikel 34 des Gesetzes \u00abInformatik und Freiheitsrechte\u00bb garantiert Ecolive France dem Nutzer das Recht auf Widerspruch, Zugriff und Berichtigung der ihn betreffenden personenbezogenen Daten.<\/p>\n<p>Der Benutzer kann dieses Recht folgenderma\u00dfen aus\u00fcben:<\/p>\n<ul>\n<li>durch Ausf\u00fcllen des ihm bereitgestellten Kontaktformulars;<\/li>\n<li>durch Versand eines Emails an die nachstehende Adresse: contact(at)ecolive.fr.<\/li>\n<\/ul>\n<h3 style=\"text-align: justify;\">Haftungsbegrenzung<\/h3>\n<p>Die Website ecolive.fr ist eine Informationsseite \u00fcber die Vermarktung von Produkten aus \u00f6kologischem Anbau.<\/p>\n<p>Die auf der Website ecolive.fr ver\u00f6ffentlichten Informationen stammen aus anerkannt zuverl\u00e4ssigen Quellen. Allerdings kann Ecolive France nicht f\u00fcr die Richtigkeit oder Relevanz dieser Angaben garantieren. Ferner wird darauf hingewiesen, dass die auf dieser Seite bereitgestellten Informationen nur zu Informationszwecken dienen und keinesfalls als Beratung oder als wie auch immer geartete Empfehlung zu betrachten sind.<\/p>\n<p>Daher kann Ecolive France in keiner Weise f\u00fcr die Nutzung der auf der gesamten Website bereitgestellten Informationen und Inhalte haftbar gemacht werden. Der Benutzer selbst ist f\u00fcr die ordnungsgem\u00e4\u00dfe Nutzung der auf der Website bereitgestellten Informationen nach bestem Wissen und Gewissen verantwortlich.<\/p>\n<p>Dar\u00fcber hinaus verpflichtet sich der Nutzer, Ecolive France f\u00fcr alle beeintr\u00e4chtigenden Folgen zu entsch\u00e4digen, die direkt oder indirekt aufgrund seiner Nutzung des Dienstes entstanden sind.<\/p>\n<p>Der Zugriff auf bestimmte Bereichen der Website Ecolive.fr erfordert die Verwendung einer Benutzer-ID und eines Passworts. Das vom Benutzer gew\u00e4hlte Passwort ist pers\u00f6nlich und vertraulich. Der Nutzer verpflichtet sich, sein Passwort geheim zu halten und es in keiner Form weiterzugeben. Die Verwendung der Benutzer-ID und des Passworts des Benutzers \u00fcber das Internet erfolgt auf dessen eigenes Risiko. Es obliegt dem Nutzer, alle notwendigen Ma\u00dfnahmen zu ergreifen, um seine eigenen Daten vor Verletzungen zu sch\u00fctzen.<\/p>\n<p>Ebenso verpflichtet sich Ecolive France, alle notwendigen Mittel einzusetzen, um die Sicherheit und Vertraulichkeit der \u00fcbermittelten Daten zu gew\u00e4hrleisten. Der Benutzer wird dar\u00fcber informiert, dass zwecks seiner Identifizierung ein oder mehrere Cookies, die keine pers\u00f6nlichen Informationen enthalten, auf seiner Festplatte abgelegt werden k\u00f6nnen.<\/p>\n<p>Der Benutzer erkl\u00e4rt, sich \u00fcber die Einschr\u00e4nkungen und Auflagen des Internet-Netzwerks bewusst zu sein und erkennt daher an, dass die Leistung einer vollst\u00e4ndigen Garantie f\u00fcr die Sicherheit des Datenaustauschs unm\u00f6glich ist. Ecolive France kann nicht f\u00fcr Sch\u00e4den haftbar gemacht werden, die auf die \u00dcbertragung von Informationen zur\u00fcckzuf\u00fchren sind, einschlie\u00dflich auf die \u00dcbertragung ihrer Benutzer-ID und\/oder Passworts \u00fcber den Dienst.<\/p>\n<p>Ecolive France haftet in keinem Fall im Rahmen des geltenden Rechts f\u00fcr direkte oder indirekte, materielle oder immaterielle Sch\u00e4den und\/oder Verletzungen jeglicher Art, die aus der mangelnden Verf\u00fcgbarkeit des Dienstes oder der Nutzung des Dienstes resultieren. Der Begriff \u00abNutzung\u00bb ist im weitesten Sinne zu verstehen, d.h. jede Art der Nutzung der Website, unabh\u00e4ngig davon, ob diese rechtskonform ist oder nicht.<\/p>\n<p style=\"text-align: justify;\">Der Benutzer verpflichtet sich generell, alle in Frankreich geltenden Vorschriften einzuhalten.<\/p>\n<h3 style=\"text-align: justify;\">Hypertext-Links<\/h3>\n<p>Ecolive.fr bietet Hypertext-Links zu Websites, die von Dritten ver\u00f6ffentlicht und\/oder verwaltet werden.<\/p>\n<p>Da diese externen Ressourcen nicht kontrolliert werden, erkennt der Nutzer an, dass Ecolive France keine Verantwortung f\u00fcr die Verf\u00fcgbarkeit dieser Ressourcen \u00fcbernimmt und nicht f\u00fcr deren Inhalt haftbar gemacht werden kann.<\/p>\n<h3 style=\"text-align: justify;\">H\u00f6here Gewalt<\/h3>\n<p>Ecolive France haftet nicht im Fall von h\u00f6herer Gewalt oder bei Ereignissen, die au\u00dferhalb ihrer Kontrolle liegen.<\/p>\n<h3 style=\"text-align: justify;\">\u00c4nderungen an diesem Vertrags<\/h3>\n<p>Ecolive France beh\u00e4lt sich das Recht vor, die Bestimmungen, Bedingungen und Hinweise dieses Vertrages jederzeit zu \u00e4ndern.<br \/>\nDem Nutzer wird daher empfohlen, regelm\u00e4\u00dfig die aktuelle Version der Nutzungsbedingungen auf der Website www.ecolive.fr zu konsultieren<\/p>\n<h3 style=\"text-align: justify;\">Laufzeit und Beendigung<\/h3>\n<p>Dieser Vertrag wird ab dem Beginn der Nutzung des Dienstes durch den Nutzer auf unbestimmte Zeit geschlossen.<\/p>\n<h3 style=\"text-align: justify;\">Anwendbares Recht und Gerichtsbarkeit<\/h3>\n<p style=\"text-align: justify;\">Die f\u00fcr den Inhalt und die Daten\u00fcbertragung auf und um die Website geltenden gesetzlichen Bestimmungen werden durch die franz\u00f6sische Gesetzgebung geregelt. Bei Streitigkeiten, die nicht g\u00fctlich beigelegt werden k\u00f6nnen, sind ausschlie\u00dflich die franz\u00f6sischen Gerichte im Zust\u00e4ndigkeitsbereich des Berufungsgerichts Paris zust\u00e4ndig.<\/p>\n","protected":false},"excerpt":{"rendered":"<p>Rechtliche Hinweise Begr\u00fc\u00dfungsseite Rechtliche Hinweise Die Website ecolive.fr wird herausgegeben von : Ecolive France 8 rue des entrepreneurs F-44120 Vertou SARL, mit einem Kapital von 20 000\u20ac, eingetragen beim Handelsgericht von Nantes unter der Nummer : 521.278.648 Gesch\u00e4ftsf\u00fchrer : Olivier Potaufeux &amp; Gregory Gicquel Die Website ecolive.fr wurde entwickelt von [&hellip;] <a href=\"https:\/\/www.ecolive.com\/de\/rechtliche-hinweise\/\" class=\"more\">Read More<\/a> <a href=\"https:\/\/www.ecolive.com\/de\/rechtliche-hinweise\/\" class=\"more\">Read More<\/a><\/p>\n","protected":false},"author":2,"featured_media":0,"parent":0,"menu_order":0,"comment_status":"closed","ping_status":"closed","template":"","meta":{"content-type":""},"acf":[],"yoast_head":"<!-- This site is optimized with the Yoast SEO plugin v20.13 - https:\/\/yoast.com\/wordpress\/plugins\/seo\/ -->\n<title>Rechtliche Hinweise - Ecolive<\/title>\n<meta name=\"description\" content=\"Rechtliche Hinweise Begr\u00fc\u00dfungsseite Rechtliche Hinweise Die Website ecolive.fr wird herausgegeben von : Ecolive France 8 rue des entrepreneurs F-44120\" \/>\n<meta name=\"robots\" content=\"index, follow, max-snippet:-1, max-image-preview:large, max-video-preview:-1\" \/>\n<link rel=\"canonical\" href=\"https:\/\/www.ecolive.com\/de\/rechtliche-hinweise\/\" \/>\n<meta property=\"og:locale\" content=\"de_DE\" \/>\n<meta property=\"og:type\" content=\"article\" \/>\n<meta property=\"og:title\" content=\"Rechtliche Hinweise - Ecolive\" \/>\n<meta property=\"og:description\" content=\"Rechtliche Hinweise Begr\u00fc\u00dfungsseite Rechtliche Hinweise Die Website ecolive.fr wird herausgegeben von : Ecolive France 8 rue des entrepreneurs F-44120\" \/>\n<meta property=\"og:url\" content=\"https:\/\/www.ecolive.com\/de\/rechtliche-hinweise\/\" \/>\n<meta property=\"og:site_name\" content=\"Ecolive\" \/>\n<meta property=\"article:publisher\" content=\"https:\/\/www.facebook.com\/pages\/Ecolive\/202304496496615\" \/>\n<meta property=\"article:modified_time\" content=\"2021-02-11T16:05:24+00:00\" \/>\n<meta name=\"twitter:card\" content=\"summary_large_image\" \/>\n<meta name=\"twitter:site\" content=\"@ecolive_france\" \/>\n<meta name=\"twitter:label1\" content=\"Gesch\u00e4tzte Lesezeit\" \/>\n\t<meta name=\"twitter:data1\" content=\"7\u00a0Minuten\" \/>\n<script type=\"application\/ld+json\" class=\"yoast-schema-graph\">{\"@context\":\"https:\/\/schema.org\",\"@graph\":[{\"@type\":\"WebPage\",\"@id\":\"https:\/\/www.ecolive.com\/de\/rechtliche-hinweise\/\",\"url\":\"https:\/\/www.ecolive.com\/de\/rechtliche-hinweise\/\",\"name\":\"Rechtliche Hinweise - Ecolive\",\"isPartOf\":{\"@id\":\"https:\/\/www.ecolive.com\/fr\/#website\"},\"datePublished\":\"2015-11-10T15:36:37+00:00\",\"dateModified\":\"2021-02-11T16:05:24+00:00\",\"description\":\"Rechtliche Hinweise Begr\u00fc\u00dfungsseite Rechtliche Hinweise Die Website ecolive.fr wird herausgegeben von : Ecolive France 8 rue des entrepreneurs F-44120\",\"breadcrumb\":{\"@id\":\"https:\/\/www.ecolive.com\/de\/rechtliche-hinweise\/#breadcrumb\"},\"inLanguage\":\"de\",\"potentialAction\":[{\"@type\":\"ReadAction\",\"target\":[\"https:\/\/www.ecolive.com\/de\/rechtliche-hinweise\/\"]}]},{\"@type\":\"BreadcrumbList\",\"@id\":\"https:\/\/www.ecolive.com\/de\/rechtliche-hinweise\/#breadcrumb\",\"itemListElement\":[{\"@type\":\"ListItem\",\"position\":1,\"name\":\"Accueil\",\"item\":\"https:\/\/www.ecolive.com\/de\/\"},{\"@type\":\"ListItem\",\"position\":2,\"name\":\"Rechtliche Hinweise\"}]},{\"@type\":\"WebSite\",\"@id\":\"https:\/\/www.ecolive.com\/fr\/#website\",\"url\":\"https:\/\/www.ecolive.com\/fr\/\",\"name\":\"Ecolive\",\"description\":\"Chercheur de Go\u00fbt\",\"potentialAction\":[{\"@type\":\"SearchAction\",\"target\":{\"@type\":\"EntryPoint\",\"urlTemplate\":\"https:\/\/www.ecolive.com\/fr\/?s={search_term_string}\"},\"query-input\":\"required name=search_term_string\"}],\"inLanguage\":\"de\"}]}<\/script>\n<!-- \/ Yoast SEO plugin. -->","yoast_head_json":{"title":"Rechtliche Hinweise - Ecolive","description":"Rechtliche Hinweise Begr\u00fc\u00dfungsseite Rechtliche Hinweise Die Website ecolive.fr wird herausgegeben von : Ecolive France 8 rue des entrepreneurs F-44120","robots":{"index":"index","follow":"follow","max-snippet":"max-snippet:-1","max-image-preview":"max-image-preview:large","max-video-preview":"max-video-preview:-1"},"canonical":"https:\/\/www.ecolive.com\/de\/rechtliche-hinweise\/","og_locale":"de_DE","og_type":"article","og_title":"Rechtliche Hinweise - Ecolive","og_description":"Rechtliche Hinweise Begr\u00fc\u00dfungsseite Rechtliche Hinweise Die Website ecolive.fr wird herausgegeben von : Ecolive France 8 rue des entrepreneurs F-44120","og_url":"https:\/\/www.ecolive.com\/de\/rechtliche-hinweise\/","og_site_name":"Ecolive","article_publisher":"https:\/\/www.facebook.com\/pages\/Ecolive\/202304496496615","article_modified_time":"2021-02-11T16:05:24+00:00","twitter_card":"summary_large_image","twitter_site":"@ecolive_france","twitter_misc":{"Gesch\u00e4tzte Lesezeit":"7\u00a0Minuten"},"schema":{"@context":"https:\/\/schema.org","@graph":[{"@type":"WebPage","@id":"https:\/\/www.ecolive.com\/de\/rechtliche-hinweise\/","url":"https:\/\/www.ecolive.com\/de\/rechtliche-hinweise\/","name":"Rechtliche Hinweise - Ecolive","isPartOf":{"@id":"https:\/\/www.ecolive.com\/fr\/#website"},"datePublished":"2015-11-10T15:36:37+00:00","dateModified":"2021-02-11T16:05:24+00:00","description":"Rechtliche Hinweise Begr\u00fc\u00dfungsseite Rechtliche Hinweise Die Website ecolive.fr wird herausgegeben von : Ecolive France 8 rue des entrepreneurs F-44120","breadcrumb":{"@id":"https:\/\/www.ecolive.com\/de\/rechtliche-hinweise\/#breadcrumb"},"inLanguage":"de","potentialAction":[{"@type":"ReadAction","target":["https:\/\/www.ecolive.com\/de\/rechtliche-hinweise\/"]}]},{"@type":"BreadcrumbList","@id":"https:\/\/www.ecolive.com\/de\/rechtliche-hinweise\/#breadcrumb","itemListElement":[{"@type":"ListItem","position":1,"name":"Accueil","item":"https:\/\/www.ecolive.com\/de\/"},{"@type":"ListItem","position":2,"name":"Rechtliche Hinweise"}]},{"@type":"WebSite","@id":"https:\/\/www.ecolive.com\/fr\/#website","url":"https:\/\/www.ecolive.com\/fr\/","name":"Ecolive","description":"Chercheur de Go\u00fbt","potentialAction":[{"@type":"SearchAction","target":{"@type":"EntryPoint","urlTemplate":"https:\/\/www.ecolive.com\/fr\/?s={search_term_string}"},"query-input":"required name=search_term_string"}],"inLanguage":"de"}]}},"_links":{"self":[{"href":"https:\/\/www.ecolive.com\/de\/wp-json\/wp\/v2\/pages\/1163"}],"collection":[{"href":"https:\/\/www.ecolive.com\/de\/wp-json\/wp\/v2\/pages"}],"about":[{"href":"https:\/\/www.ecolive.com\/de\/wp-json\/wp\/v2\/types\/page"}],"author":[{"embeddable":true,"href":"https:\/\/www.ecolive.com\/de\/wp-json\/wp\/v2\/users\/2"}],"replies":[{"embeddable":true,"href":"https:\/\/www.ecolive.com\/de\/wp-json\/wp\/v2\/comments?post=1163"}],"version-history":[{"count":5,"href":"https:\/\/www.ecolive.com\/de\/wp-json\/wp\/v2\/pages\/1163\/revisions"}],"predecessor-version":[{"id":9362,"href":"https:\/\/www.ecolive.com\/de\/wp-json\/wp\/v2\/pages\/1163\/revisions\/9362"}],"wp:attachment":[{"href":"https:\/\/www.ecolive.com\/de\/wp-json\/wp\/v2\/media?parent=1163"}],"curies":[{"name":"wp","href":"https:\/\/api.w.org\/{rel}","templated":true}]}}